{"id":26,"date":"2014-05-13T13:45:05","date_gmt":"2014-05-13T11:45:05","guid":{"rendered":"http:\/\/www.kokorinsko.com\/cs\/?page_id=26"},"modified":"2014-05-17T19:32:30","modified_gmt":"2014-05-17T17:32:30","slug":"nature","status":"publish","type":"page","link":"https:\/\/www.kokorinsko.com\/en\/index.php\/sightseeing\/nature\/","title":{"rendered":"Nature"},"content":{"rendered":"<ul id=\"bgmp_list\" class=\"bgmp_list\"><li id=\"bgmp_list-item-6\" class=\"bgmp_list-item\">\n\t<h3 class=\"bgmp_list-placemark-title\">\n\t\t\u010cap\n\t\t\t<\/h3>\n\n\t<div class=\"bgmp_list-description\">\n\t\t\t\t<div id=\"attachment_341\" style=\"width: 160px\" class=\"wp-caption alignright\"><a href=\"http:\/\/www.kokorinsko.com\/en\/wp-content\/uploads\/2014\/05\/cap.jpg\"><img loading=\"lazy\" decoding=\"async\" aria-describedby=\"caption-attachment-341\" class=\"size-thumbnail wp-image-341\" alt=\"\u010cap\" src=\"http:\/\/www.kokorinsko.com\/en\/wp-content\/uploads\/2014\/05\/cap-150x150.jpg\" width=\"150\" height=\"150\" \/><\/a><p id=\"caption-attachment-341\" class=\"wp-caption-text\">\u010cap<\/p><\/div>\n<p>Rock formation with ruins of a medieval castle and an amazing view to the countryside. The castle has been built probably by Jind\u0159ich Berka from Dub\u00e1 by the end of 14th century. Nowadays only cistern and a rock column (called\u00a0\u010capsk\u00e1 palice) has remained from the castle.<\/p>\n<p>&nbsp;<\/p>\n\t<\/div>\n\n\t<p class=\"bgmp_list-link\">\n\t\t<a href=\"http:\/\/google.com\/maps?q=\u010capsk\u00e1+palice\">\n\t\t\t\u010capsk\u00e1 palice\t\t<\/a>\n\t<\/p>\n<\/li>\n<li id=\"bgmp_list-item-38\" class=\"bgmp_list-item\">\n\t<h3 class=\"bgmp_list-placemark-title\">\n\t\tDevil&#8217;s Head (\u010certovy hlavy)\n\t\t\t<\/h3>\n\n\t<div class=\"bgmp_list-description\">\n\t\t\t\t<p>These remarkable sculptures were intricately carved by V\u00e1clav Lev\u00fd in the early 20th century. Inspired by local folklore, they have become a beloved landmark, showcasing Lev\u00fd&#8217;s artistic legacy. Immerse yourself in the captivating beauty and rich history of \u010certovy hlavy as you explore the mythical sculptures and the stories they embody.<\/p>\n<p>&nbsp;<\/p>\n\t<\/div>\n\n\t<p class=\"bgmp_list-link\">\n\t\t<a href=\"http:\/\/google.com\/maps?q=\u010certovy+hlavy\">\n\t\t\t\u010certovy hlavy\t\t<\/a>\n\t<\/p>\n<\/li>\n<li id=\"bgmp_list-item-34\" class=\"bgmp_list-item\">\n\t<h3 class=\"bgmp_list-placemark-title\">\n\t\tHill Nedv\u011bz\u00ed\n\t\t\t<\/h3>\n\n\t<div class=\"bgmp_list-description\">\n\t\t\t\t<p>The hill\u00a0Nedv\u011bz\u00ed offers an unique panoramic view. In case of good visibility conditions you can even see the mountain ranges of Kru\u0161n\u00e9 hory or Jizersk\u00e9 hory. To reach the top of the hill you can either take the path leading through the village of Nedv\u011bz\u00ed or of the hiking tracks eg. from <a title=\"Pust\u00fd z\u00e1mek\" href=\"http:\/\/www.kokorinsko.com\/en\/index.php\/placemarks\/pusty-zamek\/\">Pust\u00fd z\u00e1mek<\/a>.<\/p>\n<p>&nbsp;<\/p>\n\t<\/div>\n\n\t<p class=\"bgmp_list-link\">\n\t\t<a href=\"http:\/\/google.com\/maps?q=Kruhov\u00fd+rozhled+Nedv\u011bz\u00ed\">\n\t\t\tKruhov\u00fd rozhled Nedv\u011bz\u00ed\t\t<\/a>\n\t<\/p>\n<\/li>\n<li id=\"bgmp_list-item-137\" class=\"bgmp_list-item\">\n\t<h3 class=\"bgmp_list-placemark-title\">\n\t\tHill Vr\u00e1tensk\u00e1 hora\n\t\t\t<\/h3>\n\n\t<div class=\"bgmp_list-description\">\n\t\t\t\t<p>Vr\u00e1tensk\u00e1 hora is with its attitude of 508 m one of the highest mountains in Koko\u0159\u00ednsko. On the top you can find a view tower with a fascinating panoramic view. To get there, just take the hiking path from the village of\u00a0Libovice.<\/p>\n<p>&nbsp;<\/p>\n\t<\/div>\n\n\t<p class=\"bgmp_list-link\">\n\t\t<a href=\"http:\/\/google.com\/maps?q=Vr\u00e1tensk\u00e1+Hora+Lookout+Tower\">\n\t\t\tVr\u00e1tensk\u00e1 Hora Lookout Tower\t\t<\/a>\n\t<\/p>\n<\/li>\n<li id=\"bgmp_list-item-36\" class=\"bgmp_list-item\">\n\t<h3 class=\"bgmp_list-placemark-title\">\n\t\tPokli\u010dky\n\t\t\t<\/h3>\n\n\t<div class=\"bgmp_list-description\">\n\t\t\t\t<div id=\"attachment_335\" style=\"width: 160px\" class=\"wp-caption alignright\"><a href=\"http:\/\/www.kokorinsko.com\/en\/wp-content\/uploads\/2014\/05\/poklicky.jpg\"><img loading=\"lazy\" decoding=\"async\" aria-describedby=\"caption-attachment-335\" class=\"size-thumbnail wp-image-335\" alt=\"Pokli\u010dky\" src=\"http:\/\/www.kokorinsko.com\/en\/wp-content\/uploads\/2014\/05\/poklicky-150x150.jpg\" width=\"150\" height=\"150\" \/><\/a><p id=\"caption-attachment-335\" class=\"wp-caption-text\">Pokli\u010dky<\/p><\/div>\n<p>Marvel at the unique sandstone formations shaped by millions of years of erosion. Explore rock towers, caves, and cliffs that reveal layers of sedimentary rocks from the Mesozoic Era, around 100 million years ago. Discover hidden underground passages, providing an adventure for cave explorers. Traverse the trails and immerse yourself in Pokli\u010dky&#8217;s captivating geological heritage.<\/p>\n<p>&nbsp;<\/p>\n\t<\/div>\n\n\t<p class=\"bgmp_list-link\">\n\t\t<a href=\"http:\/\/google.com\/maps?q=Pokli\u010dky\">\n\t\t\tPokli\u010dky\t\t<\/a>\n\t<\/p>\n<\/li>\n<li id=\"bgmp_list-item-8\" class=\"bgmp_list-item\">\n\t<h3 class=\"bgmp_list-placemark-title\">\n\t\tPust\u00fd z\u00e1mek\n\t\t\t<\/h3>\n\n\t<div class=\"bgmp_list-description\">\n\t\t\t\t<div id=\"attachment_337\" style=\"width: 160px\" class=\"wp-caption alignright\"><a href=\"http:\/\/www.kokorinsko.com\/en\/wp-content\/uploads\/2014\/05\/pusty_zamek.jpg\"><img loading=\"lazy\" decoding=\"async\" aria-describedby=\"caption-attachment-337\" class=\"size-thumbnail wp-image-337\" alt=\"Pust\u00fd z\u00e1mek\" src=\"http:\/\/www.kokorinsko.com\/en\/wp-content\/uploads\/2014\/05\/pusty_zamek-150x150.jpg\" width=\"150\" height=\"150\" \/><\/a><p id=\"caption-attachment-337\" class=\"wp-caption-text\">Pust\u00fd z\u00e1mek<\/p><\/div>\n<p>Remaining of a fortress from the 14. century buried in sand stone rocks. You can find this landmark above the picturesque valley of the river Lib\u011bchovka. It&#8217;s reachable by taking the yellow marked hiking path from Zak\u0161\u00edn.<\/p>\n<p>&nbsp;<\/p>\n\t<\/div>\n\n\t<p class=\"bgmp_list-link\">\n\t\t<a href=\"http:\/\/google.com\/maps?q=Castle+ruins+Pust\u00fd+z\u00e1mek\">\n\t\t\tCastle ruins Pust\u00fd z\u00e1mek\t\t<\/a>\n\t<\/p>\n<\/li>\n<\/ul>\n","protected":false},"excerpt":{"rendered":"<p class=\"continue-reading-button\"> <a class=\"continue-reading-link\" href=\"https:\/\/www.kokorinsko.com\/en\/index.php\/sightseeing\/nature\/\">Continue reading<i class=\"crycon-right-dir\"><\/i><\/a><\/p>\n","protected":false},"author":1,"featured_media":0,"parent":19,"menu_order":0,"comment_status":"closed","ping_status":"open","template":"","meta":{"footnotes":""},"class_list":["post-26","page","type-page","status-publish","hentry"],"_links":{"self":[{"href":"https:\/\/www.kokorinsko.com\/en\/index.php\/wp-json\/wp\/v2\/pages\/26","targetHints":{"allow":["GET"]}}],"collection":[{"href":"https:\/\/www.kokorinsko.com\/en\/index.php\/wp-json\/wp\/v2\/pages"}],"about":[{"href":"https:\/\/www.kokorinsko.com\/en\/index.php\/wp-json\/wp\/v2\/types\/page"}],"author":[{"embeddable":true,"href":"https:\/\/www.kokorinsko.com\/en\/index.php\/wp-json\/wp\/v2\/users\/1"}],"replies":[{"embeddable":true,"href":"https:\/\/www.kokorinsko.com\/en\/index.php\/wp-json\/wp\/v2\/comments?post=26"}],"version-history":[{"count":7,"href":"https:\/\/www.kokorinsko.com\/en\/index.php\/wp-json\/wp\/v2\/pages\/26\/revisions"}],"predecessor-version":[{"id":257,"href":"https:\/\/www.kokorinsko.com\/en\/index.php\/wp-json\/wp\/v2\/pages\/26\/revisions\/257"}],"up":[{"embeddable":true,"href":"https:\/\/www.kokorinsko.com\/en\/index.php\/wp-json\/wp\/v2\/pages\/19"}],"wp:attachment":[{"href":"https:\/\/www.kokorinsko.com\/en\/index.php\/wp-json\/wp\/v2\/media?parent=26"}],"curies":[{"name":"wp","href":"https:\/\/api.w.org\/{rel}","templated":true}]}}