{"id":23,"date":"2014-05-13T13:43:55","date_gmt":"2014-05-13T11:43:55","guid":{"rendered":"http:\/\/www.kokorinsko.com\/cs\/?page_id=23"},"modified":"2014-05-17T19:29:40","modified_gmt":"2014-05-17T17:29:40","slug":"castles-chateaux","status":"publish","type":"page","link":"https:\/\/www.kokorinsko.com\/en\/index.php\/sightseeing\/castles-chateaux\/","title":{"rendered":"Castles &#038; chateaux"},"content":{"rendered":"<ul id=\"bgmp_list\" class=\"bgmp_list\"><li id=\"bgmp_list-item-52\" class=\"bgmp_list-item\">\n\t<h3 class=\"bgmp_list-placemark-title\">\n\t\tBezd\u011bz Castle\n\t\t\t<\/h3>\n\n\t<div class=\"bgmp_list-description\">\n\t\t\t\t<div id=\"attachment_339\" style=\"width: 160px\" class=\"wp-caption alignright\"><a href=\"http:\/\/www.kokorinsko.com\/en\/wp-content\/uploads\/2014\/05\/hrad_bezdez.jpg\"><img loading=\"lazy\" decoding=\"async\" aria-describedby=\"caption-attachment-339\" class=\"size-thumbnail wp-image-339\" alt=\"Bezd\u011bz\" src=\"http:\/\/www.kokorinsko.com\/en\/wp-content\/uploads\/2014\/05\/hrad_bezdez-150x150.jpg\" width=\"150\" height=\"150\" \/><\/a><p id=\"caption-attachment-339\" class=\"wp-caption-text\">Bezd\u011bz<\/p><\/div>\n<p>One of the few castles in the region that has remained in the original shape. Thanks to its situation in the landscape above the M\u00e1cha Lake it has been inspirational for famous artists like the composer Bed\u0159ich Smetana or the writer Karel Hynek M\u00e1cha. Beside fascinating history you can find also amazing view from the castle.<\/p>\n<p>&nbsp;<\/p>\n<p>Web:\u00a0<a title=\"Ofici\u00e1ln\u00ed str\u00e1nky hradu Bezd\u011bz\" href=\"http:\/\/www.hrad-bezdez.eu\/\">http:\/\/www.hrad-bezdez.eu\/<\/a><\/p>\n\t<\/div>\n\n\t<p class=\"bgmp_list-link\">\n\t\t<a href=\"http:\/\/google.com\/maps?q=Bezd\u011bz+Hrad,+Doksy,+\u010cesk\u00e1+republika\">\n\t\t\tBezd\u011bz Hrad, Doksy, \u010cesk\u00e1 republika\t\t<\/a>\n\t<\/p>\n<\/li>\n<li id=\"bgmp_list-item-50\" class=\"bgmp_list-item\">\n\t<h3 class=\"bgmp_list-placemark-title\">\n\t\tChateau Vidim\n\t\t\t<\/h3>\n\n\t<div class=\"bgmp_list-description\">\n\t\t\t\t<p>Baroque chateaux with a beautiful English park. It was built probably in the 17th century. This cultural landmark is currently being used as house for seniors.<\/p>\n<p>&nbsp;<\/p>\n\t<\/div>\n\n\t<p class=\"bgmp_list-link\">\n\t\t<a href=\"http:\/\/google.com\/maps?q=50.466330,+14.525781\">\n\t\t\t50.466330, 14.525781\t\t<\/a>\n\t<\/p>\n<\/li>\n<li id=\"bgmp_list-item-32\" class=\"bgmp_list-item\">\n\t<h3 class=\"bgmp_list-placemark-title\">\n\t\tHouska castle\n\t\t\t<\/h3>\n\n\t<div class=\"bgmp_list-description\">\n\t\t\t\t<p>Probably the most mysterious castle in the whole region of Koko\u0159\u00ednsko. There are a lot of legends and myths about this castle. According to one of them, there is a gateway to hell just below the castle&#8217;s chapel. The early Gothic castle was built by P\u0159emysl Otakar II in the first half of the 13. century.<\/p>\n<p>Web:\u00a0<a title=\"Official website of the Houska castle\" href=\"http:\/\/www.hradhouska.cz\/\" target=\"_blank\">http:\/\/www.hradhouska.cz\/<\/a><\/p>\n\t<\/div>\n\n\t<p class=\"bgmp_list-link\">\n\t\t<a href=\"http:\/\/google.com\/maps?q=Hrad+Houska,+Houska,+Blatce,+\u010cesk\u00e1+republika\">\n\t\t\tHrad Houska, Houska, Blatce, \u010cesk\u00e1 republika\t\t<\/a>\n\t<\/p>\n<\/li>\n<li id=\"bgmp_list-item-46\" class=\"bgmp_list-item\">\n\t<h3 class=\"bgmp_list-placemark-title\">\n\t\tKoko\u0159\u00edn castle\n\t\t\t<\/h3>\n\n\t<div class=\"bgmp_list-description\">\n\t\t\t\t<p>The dominant castle of the region and most preserved castle is the Koko\u0159\u00edn castle. Its history goes as far as to the year 1320. Beside the large exhibition there are also lots of events organized directly in the castle.<\/p>\n<p>Web:\u00a0<a title=\"Official website of the Koko\u0159\u00edn castle\" href=\"http:\/\/www.hrad-kokorin.cz\/\" target=\"_blank\">http:\/\/www.hrad-kokorin.cz\/<\/a><\/p>\n\t<\/div>\n\n\t<p class=\"bgmp_list-link\">\n\t\t<a href=\"http:\/\/google.com\/maps?q=Hrad+Koko\u0159\u00edn\">\n\t\t\tHrad Koko\u0159\u00edn\t\t<\/a>\n\t<\/p>\n<\/li>\n<li id=\"bgmp_list-item-48\" class=\"bgmp_list-item\">\n\t<h3 class=\"bgmp_list-placemark-title\">\n\t\tRuins Helfenburk (Hr\u00e1dek)\n\t\t\t<\/h3>\n\n\t<div class=\"bgmp_list-description\">\n\t\t\t\t<p>In an idyllic valley not far from the city of \u00da\u0161t\u011bk you can find ruins of the Gothic castle of Helfenburk. In the history it used to be one of the largest castle in northern Bohemia. From these times massive fortification and a tower remained intact. The tower is open to public during the weekends. To reach the ruins take a hiking path from the city of \u00da\u0161t\u011bk.<\/p>\n<p><a title=\"Historie hradu Helfenburk\" href=\"http:\/\/www.hrady.cz\/wnd_show_text.php?tid=9379\" target=\"_blank\"><br \/>\n<\/a><\/p>\n\t<\/div>\n\n\t<p class=\"bgmp_list-link\">\n\t\t<a href=\"http:\/\/google.com\/maps?q=Helfenburk,+\u00dastek,+\u010cesk\u00e1+republika\">\n\t\t\tHelfenburk, \u00dastek, \u010cesk\u00e1 republika\t\t<\/a>\n\t<\/p>\n<\/li>\n<\/ul>\n","protected":false},"excerpt":{"rendered":"<p class=\"continue-reading-button\"> <a class=\"continue-reading-link\" href=\"https:\/\/www.kokorinsko.com\/en\/index.php\/sightseeing\/castles-chateaux\/\">Continue reading<i class=\"crycon-right-dir\"><\/i><\/a><\/p>\n","protected":false},"author":1,"featured_media":0,"parent":19,"menu_order":0,"comment_status":"closed","ping_status":"open","template":"","meta":{"footnotes":""},"class_list":["post-23","page","type-page","status-publish","hentry"],"_links":{"self":[{"href":"https:\/\/www.kokorinsko.com\/en\/index.php\/wp-json\/wp\/v2\/pages\/23","targetHints":{"allow":["GET"]}}],"collection":[{"href":"https:\/\/www.kokorinsko.com\/en\/index.php\/wp-json\/wp\/v2\/pages"}],"about":[{"href":"https:\/\/www.kokorinsko.com\/en\/index.php\/wp-json\/wp\/v2\/types\/page"}],"author":[{"embeddable":true,"href":"https:\/\/www.kokorinsko.com\/en\/index.php\/wp-json\/wp\/v2\/users\/1"}],"replies":[{"embeddable":true,"href":"https:\/\/www.kokorinsko.com\/en\/index.php\/wp-json\/wp\/v2\/comments?post=23"}],"version-history":[{"count":5,"href":"https:\/\/www.kokorinsko.com\/en\/index.php\/wp-json\/wp\/v2\/pages\/23\/revisions"}],"predecessor-version":[{"id":255,"href":"https:\/\/www.kokorinsko.com\/en\/index.php\/wp-json\/wp\/v2\/pages\/23\/revisions\/255"}],"up":[{"embeddable":true,"href":"https:\/\/www.kokorinsko.com\/en\/index.php\/wp-json\/wp\/v2\/pages\/19"}],"wp:attachment":[{"href":"https:\/\/www.kokorinsko.com\/en\/index.php\/wp-json\/wp\/v2\/media?parent=23"}],"curies":[{"name":"wp","href":"https:\/\/api.w.org\/{rel}","templated":true}]}}