{"id":113,"date":"2014-05-13T23:35:52","date_gmt":"2014-05-13T21:35:52","guid":{"rendered":"http:\/\/www.kokorinsko.com\/cs\/?page_id=113"},"modified":"2014-05-17T19:30:27","modified_gmt":"2014-05-17T17:30:27","slug":"museums-galleries","status":"publish","type":"page","link":"https:\/\/www.kokorinsko.com\/en\/index.php\/sightseeing\/museums-galleries\/","title":{"rendered":"Museums &#038; galleries"},"content":{"rendered":"<ul id=\"bgmp_list\" class=\"bgmp_list\"><li id=\"bgmp_list-item-107\" class=\"bgmp_list-item\">\n\t<h3 class=\"bgmp_list-placemark-title\">\n\t\tCity museum in M\u0161eno\n\t\t\t<\/h3>\n\n\t<div class=\"bgmp_list-description\">\n\t\t\t\t<p>The exhibition in the city museum of M\u0161eno documents historical guilds of the city and life of the citizens at the end of the 19. century.<\/p>\n<p>Web:\u00a0<a title=\"Official website of the museum in M\u0161eno\" href=\"http:\/\/www.mestomseno.cz\/index.php?cmd=page&amp;id=1291\" target=\"_blank\">http:\/\/www.mestomseno.cz\/<\/a><\/p>\n\t<\/div>\n\n\t<p class=\"bgmp_list-link\">\n\t\t<a href=\"http:\/\/google.com\/maps?q=n\u00e1m.+M\u00edru+1,+M\u0161eno\">\n\t\t\tn\u00e1m. M\u00edru 1, M\u0161eno\t\t<\/a>\n\t<\/p>\n<\/li>\n<li id=\"bgmp_list-item-133\" class=\"bgmp_list-item\">\n\t<h3 class=\"bgmp_list-placemark-title\">\n\t\tEduard \u0160torch museum\n\t\t\t<\/h3>\n\n\t<div class=\"bgmp_list-description\">\n\t\t\t\t<p>Eduard \u0160torch\u00a0museum documents life of this famous Czech author and archaeological discoveries in this region.<\/p>\n<p>Web:\u00a0<a title=\"Official website of the Eduard \u0160torch museum\" href=\"http:\/\/www.muzeumstorch.cz\" target=\"_blank\">http:\/\/www.muzeumstorch.cz<\/a><\/p>\n\t<\/div>\n\n\t<p class=\"bgmp_list-link\">\n\t\t<a href=\"http:\/\/google.com\/maps?q=Lobe\u010d+43,+277+36+Lobe\u010d\">\n\t\t\tLobe\u010d 43, 277 36 Lobe\u010d\t\t<\/a>\n\t<\/p>\n<\/li>\n<li id=\"bgmp_list-item-353\" class=\"bgmp_list-item\">\n\t<h3 class=\"bgmp_list-placemark-title\">\n\t\tMuseum &#8220;Star\u00e9 kr\u00e1snosti&#8221;\n\t\t\t<\/h3>\n\n\t<div class=\"bgmp_list-description\">\n\t\t\t\t<p>The museum is focused on the history of toys, dolls and strollers.<br \/>\nPoints of interest: Diabetic cafe, fairytale barn, haunted cellar, children&#8217;s corner, live animals can be observed from the terrace &#8211; miniature horses, goats and Cameroonian sheep<br \/>\nOur motto is: &#8220;Star\u00e9 kr\u00e1snosti is a museum for everyone&#8221;<\/p>\n<p>Web: <a title=\"Star\u00e9 kr\u00e1snosti\" href=\"http:\/\/www.starekrasnosti.cz\" target=\"_blank\" rel=\"noopener\">http:\/\/www.starekrasnosti.cz\/<\/a><\/p>\n\t<\/div>\n\n\t<p class=\"bgmp_list-link\">\n\t\t<a href=\"http:\/\/google.com\/maps?q=Star\u00e9+kr\u00e1snosti\">\n\t\t\tStar\u00e9 kr\u00e1snosti\t\t<\/a>\n\t<\/p>\n<\/li>\n<li id=\"bgmp_list-item-109\" class=\"bgmp_list-item\">\n\t<h3 class=\"bgmp_list-placemark-title\">\n\t\tMuseum of \u010cty\u0159l\u00edstek\n\t\t\t<\/h3>\n\n\t<div class=\"bgmp_list-description\">\n\t\t\t\t<p>Exposition about this Czech comics legend. You&#8217;re free to play, draw or organize discussions in the museum.<\/p>\n<p>Web:\u00a0<a title=\"Official website of museum of \u010cty\u0159l\u00edstek\" href=\"http:\/\/muzeum.mksdoksy.cz\/\" target=\"_blank\">http:\/\/muzeum.mksdoksy.cz\/<\/a><\/p>\n\t<\/div>\n\n\t<p class=\"bgmp_list-link\">\n\t\t<a href=\"http:\/\/google.com\/maps?q=Vald\u0161tejnsk\u00e1+25,+Doksy\">\n\t\t\tVald\u0161tejnsk\u00e1 25, Doksy\t\t<\/a>\n\t<\/p>\n<\/li>\n<li id=\"bgmp_list-item-111\" class=\"bgmp_list-item\">\n\t<h3 class=\"bgmp_list-placemark-title\">\n\t\tRegional museum in M\u011bln\u00edk\n\t\t\t<\/h3>\n\n\t<div class=\"bgmp_list-description\">\n\t\t\t\t<p>Regional museum in M\u011bln\u00edk has wine-making, history and nature of Koko\u0159\u00ednsko in its focus. Located in the historical city centre, you should not miss it when visiting this amazing city.<\/p>\n<p>Web:\u00a0<a title=\"Official website of the regional museum in M\u011bln\u00edku\" href=\"http:\/\/www.muzeum-melnik.cz\" target=\"_blank\">http:\/\/www.muzeum-melnik.cz<\/a><\/p>\n\t<\/div>\n\n\t<p class=\"bgmp_list-link\">\n\t\t<a href=\"http:\/\/google.com\/maps?q=n\u00e1m.+M\u00edru+54,+M\u011bln\u00edk\">\n\t\t\tn\u00e1m. M\u00edru 54, M\u011bln\u00edk\t\t<\/a>\n\t<\/p>\n<\/li>\n<\/ul>\n","protected":false},"excerpt":{"rendered":"<p class=\"continue-reading-button\"> <a class=\"continue-reading-link\" href=\"https:\/\/www.kokorinsko.com\/en\/index.php\/sightseeing\/museums-galleries\/\">Continue reading<i class=\"crycon-right-dir\"><\/i><\/a><\/p>\n","protected":false},"author":1,"featured_media":0,"parent":19,"menu_order":0,"comment_status":"closed","ping_status":"open","template":"","meta":{"footnotes":""},"class_list":["post-113","page","type-page","status-publish","hentry"],"_links":{"self":[{"href":"https:\/\/www.kokorinsko.com\/en\/index.php\/wp-json\/wp\/v2\/pages\/113","targetHints":{"allow":["GET"]}}],"collection":[{"href":"https:\/\/www.kokorinsko.com\/en\/index.php\/wp-json\/wp\/v2\/pages"}],"about":[{"href":"https:\/\/www.kokorinsko.com\/en\/index.php\/wp-json\/wp\/v2\/types\/page"}],"author":[{"embeddable":true,"href":"https:\/\/www.kokorinsko.com\/en\/index.php\/wp-json\/wp\/v2\/users\/1"}],"replies":[{"embeddable":true,"href":"https:\/\/www.kokorinsko.com\/en\/index.php\/wp-json\/wp\/v2\/comments?post=113"}],"version-history":[{"count":4,"href":"https:\/\/www.kokorinsko.com\/en\/index.php\/wp-json\/wp\/v2\/pages\/113\/revisions"}],"predecessor-version":[{"id":256,"href":"https:\/\/www.kokorinsko.com\/en\/index.php\/wp-json\/wp\/v2\/pages\/113\/revisions\/256"}],"up":[{"embeddable":true,"href":"https:\/\/www.kokorinsko.com\/en\/index.php\/wp-json\/wp\/v2\/pages\/19"}],"wp:attachment":[{"href":"https:\/\/www.kokorinsko.com\/en\/index.php\/wp-json\/wp\/v2\/media?parent=113"}],"curies":[{"name":"wp","href":"https:\/\/api.w.org\/{rel}","templated":true}]}}