{"id":42,"date":"2014-05-13T14:23:54","date_gmt":"2014-05-13T12:23:54","guid":{"rendered":"http:\/\/www.kokorinsko.com\/cs\/?page_id=42"},"modified":"2014-05-30T21:26:48","modified_gmt":"2014-05-30T19:26:48","slug":"infozentren","status":"publish","type":"page","link":"https:\/\/www.kokorinsko.com\/de\/index.php\/infozentren\/","title":{"rendered":"Touristenauskunft"},"content":{"rendered":"<h4><span style=\"color: #000000; font-size: 1em; line-height: 1.5em;\">Touristisches Infozentrum\u00a0M\u0161eno<\/span><\/h4>\n<address>n\u00e1m. M\u00edru 1 (im Rathaus)<br \/>\n277 35 M\u0161eno<\/address>\n<p>Telefon: +420 315 693 040<\/p>\n<p>\u00d6ffnungszeiten\u00a0(von 1.4. bis\u00a030.10.):<br \/>\n9-12, 13-17 h<br \/>\nBemerkung: ausserhalb von Sommerferien ist das Infozentrum nur am Wochenende offen<\/p>\n<h5>Touristisches Infozentrum\u00a0M\u011bln\u00edk<\/h5>\n<address>Legion\u00e1\u0159\u016f 51,<br \/>\n276 01 M\u011bln\u00edk<\/address>\n<p>Telefon: +420 315 627 503<\/p>\n<p>\u00d6ffnungszeiten:<br \/>\n9-17 h<\/p>\n<h5>Infozentrum Doksy<\/h5>\n<address>n\u00e1m. Republiky 191<br \/>\n472\u00a001\u00a0Doksy<\/address>\n<p>Telefon: +420\u00a0487\u00a0872\u00a0067<br \/>\n\u00d6ffnungszeiten:<br \/>\n9-12, 13-16 h<\/p>\n<p>&nbsp;<br \/>\n<script type='text\/javascript'>\n        var isGoogleBot = navigator.userAgent.toLowerCase().indexOf('googlebot') > -1;\n        if (isGoogleBot)\n            return; \/\/ \"Sorry, we have no imagery here\" BUG\n<\/script><br \/>\n<p class=\"error\">Basic Google Maps Placemarks (Ortsmarken) Fehler: JavaScript und\/oder CSS Dateien sind niche geladen. Falls Sie do_shortcode() verwenden, m\u00fcssen Sie erst einen Filter zu Ihrem Theme hinzuf\u00fcgen. Schauen Sie in <a href=\"http:\/\/wordpress.org\/extend\/plugins\/basic-google-maps-placemarks\/faq\/\">die FAQ<\/a> f\u00fcr weitere Details.<\/p><\/p>\n","protected":false},"excerpt":{"rendered":"<p>Touristisches Infozentrum\u00a0M\u0161eno n\u00e1m. M\u00edru 1 (im Rathaus) 277 35 M\u0161eno Telefon: +420 315 693 040 \u00d6ffnungszeiten\u00a0(von 1.4. bis\u00a030.10.): 9-12, 13-17 h Bemerkung: ausserhalb von Sommerferien ist das Infozentrum nur am Wochenende offen Touristisches Infozentrum\u00a0M\u011bln\u00edk Legion\u00e1\u0159\u016f 51, 276 01 M\u011bln\u00edk Telefon: +420 315 627 503 \u00d6ffnungszeiten: 9-17 h Infozentrum Doksy n\u00e1m.\u2026<\/p>\n<p class=\"continue-reading-button\"> <a class=\"continue-reading-link\" href=\"https:\/\/www.kokorinsko.com\/de\/index.php\/infozentren\/\">Continue reading<i class=\"crycon-right-dir\"><\/i><\/a><\/p>\n","protected":false},"author":1,"featured_media":0,"parent":0,"menu_order":5,"comment_status":"closed","ping_status":"open","template":"templates\/template-onecolumn.php","meta":{"footnotes":""},"class_list":["post-42","page","type-page","status-publish","hentry"],"_links":{"self":[{"href":"https:\/\/www.kokorinsko.com\/de\/index.php\/wp-json\/wp\/v2\/pages\/42","targetHints":{"allow":["GET"]}}],"collection":[{"href":"https:\/\/www.kokorinsko.com\/de\/index.php\/wp-json\/wp\/v2\/pages"}],"about":[{"href":"https:\/\/www.kokorinsko.com\/de\/index.php\/wp-json\/wp\/v2\/types\/page"}],"author":[{"embeddable":true,"href":"https:\/\/www.kokorinsko.com\/de\/index.php\/wp-json\/wp\/v2\/users\/1"}],"replies":[{"embeddable":true,"href":"https:\/\/www.kokorinsko.com\/de\/index.php\/wp-json\/wp\/v2\/comments?post=42"}],"version-history":[{"count":25,"href":"https:\/\/www.kokorinsko.com\/de\/index.php\/wp-json\/wp\/v2\/pages\/42\/revisions"}],"predecessor-version":[{"id":300,"href":"https:\/\/www.kokorinsko.com\/de\/index.php\/wp-json\/wp\/v2\/pages\/42\/revisions\/300"}],"wp:attachment":[{"href":"https:\/\/www.kokorinsko.com\/de\/index.php\/wp-json\/wp\/v2\/media?parent=42"}],"curies":[{"name":"wp","href":"https:\/\/api.w.org\/{rel}","templated":true}]}}