{"id":26,"date":"2014-05-13T13:45:05","date_gmt":"2014-05-13T11:45:05","guid":{"rendered":"http:\/\/www.kokorinsko.com\/cs\/?page_id=26"},"modified":"2014-05-14T21:06:16","modified_gmt":"2014-05-14T19:06:16","slug":"natur","status":"publish","type":"page","link":"https:\/\/www.kokorinsko.com\/de\/index.php\/sehenswertes\/natur\/","title":{"rendered":"Natur"},"content":{"rendered":"<ul id=\"bgmp_list\" class=\"bgmp_list\"><li id=\"bgmp_list-item-34\" class=\"bgmp_list-item\">\n\t<h3 class=\"bgmp_list-placemark-title\">\n\t\tBerg Nedoweska (Nedv\u011bz\u00ed)\n\t\t\t<\/h3>\n\n\t<div class=\"bgmp_list-description\">\n\t\t\t\t<p>Auf dem Berg Nedoweska\u00a0erwartet Sie eine einzigartige Panoramaaussicht. Bei guter Sichtbarkeit kann man Erzbirge oder das Isergebirge sehen. Zug\u00e4nglich ist der Gipfel \u00fcber das gleichnamige Dorf oder \u00fcber einen Wanderweg z.B. aus der Richtung <a title=\"Pust\u00fd z\u00e1mek\" href=\"http:\/\/www.kokorinsko.com\/de\/index.php\/placemarks\/pusty-zamek\/\">W\u00fcstes Schloss<\/a>.<\/p>\n<p>&nbsp;<\/p>\n\t<\/div>\n\n\t<p class=\"bgmp_list-link\">\n\t\t<a href=\"http:\/\/google.com\/maps?q=50.507059,+14.529194\">\n\t\t\t50.507059, 14.529194\t\t<\/a>\n\t<\/p>\n<\/li>\n<li id=\"bgmp_list-item-36\" class=\"bgmp_list-item\">\n\t<h3 class=\"bgmp_list-placemark-title\">\n\t\tPokli\u010dky\n\t\t\t<\/h3>\n\n\t<div class=\"bgmp_list-description\">\n\t\t\t\t<div id=\"attachment_333\" style=\"width: 160px\" class=\"wp-caption alignright\"><a href=\"http:\/\/www.kokorinsko.com\/de\/wp-content\/uploads\/2014\/05\/poklicky.jpg\"><img loading=\"lazy\" decoding=\"async\" aria-describedby=\"caption-attachment-333\" class=\"size-thumbnail wp-image-333\" src=\"http:\/\/www.kokorinsko.com\/de\/wp-content\/uploads\/2014\/05\/poklicky-150x150.jpg\" alt=\"Pokli\u010dky\" width=\"150\" height=\"150\" \/><\/a><p id=\"caption-attachment-333\" class=\"wp-caption-text\">Pokli\u010dky<\/p><\/div>\n<p>Einzigartige Felsenformationen, die wie Herrenpilze aussehen.\u00a0Pokli\u010dky sind durch unterschiedlich starke Verwitterung der Gesteine entstanden. Der untere Unteil ist\u00a0aus Sandstein\u00a0wobei der Obere aus erosionresistanteren Eisenerzkonglomerat besteht.<\/p>\n<p>&nbsp;<\/p>\n\t<\/div>\n\n\t<p class=\"bgmp_list-link\">\n\t\t<a href=\"http:\/\/google.com\/maps?q=50.456983,+14.590504\">\n\t\t\t50.456983, 14.590504\t\t<\/a>\n\t<\/p>\n<\/li>\n<li id=\"bgmp_list-item-38\" class=\"bgmp_list-item\">\n\t<h3 class=\"bgmp_list-placemark-title\">\n\t\tTeufelsk\u00f6pfe (\u010certovy hlavy)\n\t\t\t<\/h3>\n\n\t<div class=\"bgmp_list-description\">\n\t\t\t\t<p>Eindrucksvolle Skulptur\u00a0des Bildhauers\u00a0V\u00e1clav Lev\u00fd. Fast zehn Meter hohe Kopfskulpturen wurden direkt in den Sandstein gemei\u00dfelt.<\/p>\n<p>&nbsp;<\/p>\n\t<\/div>\n\n\t<p class=\"bgmp_list-link\">\n\t\t<a href=\"http:\/\/google.com\/maps?q=\u017del\u00edzy+106,+277+21+\u017del\u00edzy\">\n\t\t\t\u017del\u00edzy 106, 277 21 \u017del\u00edzy\t\t<\/a>\n\t<\/p>\n<\/li>\n<li id=\"bgmp_list-item-6\" class=\"bgmp_list-item\">\n\t<h3 class=\"bgmp_list-placemark-title\">\n\t\tTschapkeule (\u010cap)\n\t\t\t<\/h3>\n\n\t<div class=\"bgmp_list-description\">\n\t\t\t\t<div id=\"attachment_329\" style=\"width: 160px\" class=\"wp-caption alignright\"><a href=\"http:\/\/www.kokorinsko.com\/de\/wp-content\/uploads\/2014\/05\/cap.jpg\"><img loading=\"lazy\" decoding=\"async\" aria-describedby=\"caption-attachment-329\" class=\"wp-image-329 size-thumbnail\" src=\"http:\/\/www.kokorinsko.com\/de\/wp-content\/uploads\/2014\/05\/cap-150x150.jpg\" alt=\"Tschapkeule\" width=\"150\" height=\"150\" \/><\/a><p id=\"caption-attachment-329\" class=\"wp-caption-text\">Tschap<\/p><\/div>\n<p>Felsenformation mit Burgresten und tollen Aussicht in die Umgebung. Die Burg wurde\u00a0vermutlich ende des 14. Jahrhunderts\u00a0vom Berka von Dub\u00e1 errichtet. Von der Burg sind nur ein Wasserreservoir und ein Felsgipfel (die so genannte Tschapkeule) \u00fcbriggeblieben.<\/p>\n<p>&nbsp;<\/p>\n\t<\/div>\n\n\t<p class=\"bgmp_list-link\">\n\t\t<a href=\"http:\/\/google.com\/maps?q=50.554871,+14.476090\">\n\t\t\t50.554871, 14.476090\t\t<\/a>\n\t<\/p>\n<\/li>\n<li id=\"bgmp_list-item-137\" class=\"bgmp_list-item\">\n\t<h3 class=\"bgmp_list-placemark-title\">\n\t\tWratner Berg (Vr\u00e1tensk\u00e1 hora)\n\t\t\t<\/h3>\n\n\t<div class=\"bgmp_list-description\">\n\t\t\t\t<p>Mit der H\u00f6he 508 m \u00fcber dem Meeresspiegel ist Wratner Berg\u00a0einer der h\u00f6chsten Berge der Region. Auf dem Gipfel finden Sie einen Aussichtsturm mit einer faszinierenden Panoramaaussicht. Am besten ist der Gipfel \u00fcber einen Wanderweg vom Dorf Libovice erreichbar. Bitte das Schild &#8222;Rozhledna&#8220; folgen.<\/p>\n<p>&nbsp;<\/p>\n\t<\/div>\n\n\t<p class=\"bgmp_list-link\">\n\t\t<a href=\"http:\/\/google.com\/maps?q=50.478020,+14.651576\">\n\t\t\t50.478020, 14.651576\t\t<\/a>\n\t<\/p>\n<\/li>\n<li id=\"bgmp_list-item-8\" class=\"bgmp_list-item\">\n\t<h3 class=\"bgmp_list-placemark-title\">\n\t\tW\u00fcstes Schloss am Jungfernkamm\n\t\t\t<\/h3>\n\n\t<div class=\"bgmp_list-description\">\n\t\t\t\t<div id=\"attachment_335\" style=\"width: 160px\" class=\"wp-caption alignright\"><a href=\"http:\/\/www.kokorinsko.com\/de\/wp-content\/uploads\/2014\/05\/pusty_zamek.jpg\"><img loading=\"lazy\" decoding=\"async\" aria-describedby=\"caption-attachment-335\" class=\"size-thumbnail wp-image-335\" src=\"http:\/\/www.kokorinsko.com\/de\/wp-content\/uploads\/2014\/05\/pusty_zamek-150x150.jpg\" alt=\"Pust\u00fd z\u00e1mek\" width=\"150\" height=\"150\" \/><\/a><p id=\"caption-attachment-335\" class=\"wp-caption-text\">Pust\u00fd z\u00e1mek<\/p><\/div>\n<p>Steinige Burgreste stammende aus dem 14. Jahrhundert sind\u00a0in den Sandsteinfelsen zu finden. Die Burg thronte \u00fcber einem malerischen Tal des Libochbaches. Erreichen k\u00f6nnen Sie das W\u00fcste Schloss (Pust\u00fd z\u00e1mek)\u00a0\u00fcber den gelb markierten Wanderweg von\u00a0Sakschen (Zak\u0161\u00edn) aus.<\/p>\n<p>&nbsp;<\/p>\n\t<\/div>\n\n\t<p class=\"bgmp_list-link\">\n\t\t<a href=\"http:\/\/google.com\/maps?q=50.511074,+14.502436\">\n\t\t\t50.511074, 14.502436\t\t<\/a>\n\t<\/p>\n<\/li>\n<\/ul>\n","protected":false},"excerpt":{"rendered":"<p class=\"continue-reading-button\"> <a class=\"continue-reading-link\" href=\"https:\/\/www.kokorinsko.com\/de\/index.php\/sehenswertes\/natur\/\">Continue reading<i class=\"crycon-right-dir\"><\/i><\/a><\/p>\n","protected":false},"author":1,"featured_media":0,"parent":19,"menu_order":0,"comment_status":"closed","ping_status":"open","template":"","meta":{"footnotes":""},"class_list":["post-26","page","type-page","status-publish","hentry"],"_links":{"self":[{"href":"https:\/\/www.kokorinsko.com\/de\/index.php\/wp-json\/wp\/v2\/pages\/26","targetHints":{"allow":["GET"]}}],"collection":[{"href":"https:\/\/www.kokorinsko.com\/de\/index.php\/wp-json\/wp\/v2\/pages"}],"about":[{"href":"https:\/\/www.kokorinsko.com\/de\/index.php\/wp-json\/wp\/v2\/types\/page"}],"author":[{"embeddable":true,"href":"https:\/\/www.kokorinsko.com\/de\/index.php\/wp-json\/wp\/v2\/users\/1"}],"replies":[{"embeddable":true,"href":"https:\/\/www.kokorinsko.com\/de\/index.php\/wp-json\/wp\/v2\/comments?post=26"}],"version-history":[{"count":7,"href":"https:\/\/www.kokorinsko.com\/de\/index.php\/wp-json\/wp\/v2\/pages\/26\/revisions"}],"predecessor-version":[{"id":214,"href":"https:\/\/www.kokorinsko.com\/de\/index.php\/wp-json\/wp\/v2\/pages\/26\/revisions\/214"}],"up":[{"embeddable":true,"href":"https:\/\/www.kokorinsko.com\/de\/index.php\/wp-json\/wp\/v2\/pages\/19"}],"wp:attachment":[{"href":"https:\/\/www.kokorinsko.com\/de\/index.php\/wp-json\/wp\/v2\/media?parent=26"}],"curies":[{"name":"wp","href":"https:\/\/api.w.org\/{rel}","templated":true}]}}