{"id":23,"date":"2014-05-13T13:43:55","date_gmt":"2014-05-13T11:43:55","guid":{"rendered":"http:\/\/www.kokorinsko.com\/cs\/?page_id=23"},"modified":"2014-05-14T20:53:23","modified_gmt":"2014-05-14T18:53:23","slug":"burgen-schloesser","status":"publish","type":"page","link":"https:\/\/www.kokorinsko.com\/de\/index.php\/sehenswertes\/burgen-schloesser\/","title":{"rendered":"Burgen &#038; Schl\u00f6sser"},"content":{"rendered":"<ul id=\"bgmp_list\" class=\"bgmp_list\"><li id=\"bgmp_list-item-52\" class=\"bgmp_list-item\">\n\t<h3 class=\"bgmp_list-placemark-title\">\n\t\tBurg B\u00f6sig (Bezd\u011bz)\n\t\t\t<\/h3>\n\n\t<div class=\"bgmp_list-description\">\n\t\t\t\t<div id=\"attachment_331\" style=\"width: 160px\" class=\"wp-caption alignright\"><a href=\"http:\/\/www.kokorinsko.com\/de\/wp-content\/uploads\/2014\/05\/hrad_bezdez.jpg\"><img loading=\"lazy\" decoding=\"async\" aria-describedby=\"caption-attachment-331\" class=\"size-thumbnail wp-image-331\" src=\"http:\/\/www.kokorinsko.com\/de\/wp-content\/uploads\/2014\/05\/hrad_bezdez-150x150.jpg\" alt=\"Burg B\u00f6sig\" width=\"150\" height=\"150\" \/><\/a><p id=\"caption-attachment-331\" class=\"wp-caption-text\">Burg B\u00f6sig<\/p><\/div>\n<p>Eine der wenigen Burgen, die in ihrer urspr\u00fcnglichen Ausf\u00fchrung erhalten worden sind.\u00a0Die Burg B\u00f6sig thront \u00fcber dem Macha-See und war inspirierend f\u00fcr gro\u00dfe tschechische K\u00fcnstler wie der Komponist Bed\u0159ich Smetana oder der Dichter\u00a0Karel Hynek M\u00e1cha. Neben spannender Historie der Burg k\u00f6nnen Sie sich auch auf eine faszinierende Aussicht freuen.<\/p>\n<p>Web:\u00a0<a title=\"Offizielle Homepage der Burg Bezd\u011bz\" href=\"http:\/\/www.hrad-bezdez.eu\/\" target=\"_blank\">http:\/\/www.hrad-bezdez.eu\/<\/a><\/p>\n\t<\/div>\n\n\t<p class=\"bgmp_list-link\">\n\t\t<a href=\"http:\/\/google.com\/maps?q=Bezd\u011bz+Hrad,+Doksy,+\u010cesk\u00e1+republika\">\n\t\t\tBezd\u011bz Hrad, Doksy, \u010cesk\u00e1 republika\t\t<\/a>\n\t<\/p>\n<\/li>\n<li id=\"bgmp_list-item-32\" class=\"bgmp_list-item\">\n\t<h3 class=\"bgmp_list-placemark-title\">\n\t\tBurg Hauska (Houska)\n\t\t\t<\/h3>\n\n\t<div class=\"bgmp_list-description\">\n\t\t\t\t<p>Wahrscheinlich die geheimnisvollste Burg in Daubaer Schweiz. \u00dcber Hauska erz\u00e4hlen viele\u00a0Legenden. Laut einer von den befindet sich unter der Schlosskapelle das Tor in die H\u00f6lle.\u00a0Erbaut wurde die Burg vom K\u00f6nig\u00a0P\u0159emysl Otakar II im 13. Jahrhundert.<\/p>\n<p>[fb_button]<br \/>\nWeb:\u00a0<a title=\"Offizielle Homepage der Burg Hauska\" href=\"http:\/\/www.hradhouska.cz\/\" target=\"_blank\">http:\/\/www.hradhouska.cz\/<\/a><\/p>\n\t<\/div>\n\n\t<p class=\"bgmp_list-link\">\n\t\t<a href=\"http:\/\/google.com\/maps?q=Hrad+Houska,+Houska,+Blatce,+\u010cesk\u00e1+republika\">\n\t\t\tHrad Houska, Houska, Blatce, \u010cesk\u00e1 republika\t\t<\/a>\n\t<\/p>\n<\/li>\n<li id=\"bgmp_list-item-46\" class=\"bgmp_list-item\">\n\t<h3 class=\"bgmp_list-placemark-title\">\n\t\tBurg Kokorschin (Koko\u0159\u00edn)\n\t\t\t<\/h3>\n\n\t<div class=\"bgmp_list-description\">\n\t\t\t\t<p>Die Burg Kokorschin ist die am besten erhaltene Burg und gleichzeitig eine Dominante der Region.\u00a0Die Geschichte der Burg\u00a0geht bis ins Jahr 1320. Neben einer gro\u00dfen Exposition k\u00f6nnen\u00a0Sie sich auf zahlreiche Events direkt in\u00a0der Burg freuen.<\/p>\n<p>Web:\u00a0<a title=\"Offizielle Homepage der Burg Kokorschin\" href=\"http:\/\/www.hrad-kokorin.cz\/\" target=\"_blank\">http:\/\/www.hrad-kokorin.cz\/<\/a><\/p>\n\t<\/div>\n\n\t<p class=\"bgmp_list-link\">\n\t\t<a href=\"http:\/\/google.com\/maps?q=Hrad+Koko\u0159\u00edn\">\n\t\t\tHrad Koko\u0159\u00edn\t\t<\/a>\n\t<\/p>\n<\/li>\n<li id=\"bgmp_list-item-48\" class=\"bgmp_list-item\">\n\t<h3 class=\"bgmp_list-placemark-title\">\n\t\tRuine Helfenburg\n\t\t\t<\/h3>\n\n\t<div class=\"bgmp_list-description\">\n\t\t\t\t<p>Die Ruine Helfenburg\u00a0rundet die idyllische Szenerie des Tals bei der Stadt\u00a0Auscha (\u00da\u0161t\u011bk). Die Burg war ihrer Zeit eine der gr\u00f6\u00dften gotischen Burgen in Nordb\u00f6hmen.\u00a0Heutzutage sind\u00a0noch die massive Fortifikation und der Turm, der f\u00fcr die Besucher am Wochenende ge\u00f6ffnet ist, gut erhalten. Ein Wanderweg aus der Stadt\u00a0Auscha f\u00fchrt Sie zu der Burgruine.<\/p>\n<p>&nbsp;<\/p>\n\t<\/div>\n\n\t<p class=\"bgmp_list-link\">\n\t\t<a href=\"http:\/\/google.com\/maps?q=Helfenburk,+\u00dastek,+\u010cesk\u00e1+republika\">\n\t\t\tHelfenburk, \u00dastek, \u010cesk\u00e1 republika\t\t<\/a>\n\t<\/p>\n<\/li>\n<li id=\"bgmp_list-item-50\" class=\"bgmp_list-item\">\n\t<h3 class=\"bgmp_list-placemark-title\">\n\t\tSchloss St. Hubertus in Widim\n\t\t\t<\/h3>\n\n\t<div class=\"bgmp_list-description\">\n\t\t\t\t<p>Barockschloss vermutlich aus dem 17. Jahrhundert mit einem englischen Garten. Dieses Kulturdenkmal dient derzeit als Altersheim.<\/p>\n<p>&nbsp;<\/p>\n\t<\/div>\n\n\t<p class=\"bgmp_list-link\">\n\t\t<a href=\"http:\/\/google.com\/maps?q=50.466330,+14.525781\">\n\t\t\t50.466330, 14.525781\t\t<\/a>\n\t<\/p>\n<\/li>\n<\/ul>\n","protected":false},"excerpt":{"rendered":"<p class=\"continue-reading-button\"> <a class=\"continue-reading-link\" href=\"https:\/\/www.kokorinsko.com\/de\/index.php\/sehenswertes\/burgen-schloesser\/\">Continue reading<i class=\"crycon-right-dir\"><\/i><\/a><\/p>\n","protected":false},"author":1,"featured_media":0,"parent":19,"menu_order":0,"comment_status":"closed","ping_status":"open","template":"","meta":{"footnotes":""},"class_list":["post-23","page","type-page","status-publish","hentry"],"_links":{"self":[{"href":"https:\/\/www.kokorinsko.com\/de\/index.php\/wp-json\/wp\/v2\/pages\/23","targetHints":{"allow":["GET"]}}],"collection":[{"href":"https:\/\/www.kokorinsko.com\/de\/index.php\/wp-json\/wp\/v2\/pages"}],"about":[{"href":"https:\/\/www.kokorinsko.com\/de\/index.php\/wp-json\/wp\/v2\/types\/page"}],"author":[{"embeddable":true,"href":"https:\/\/www.kokorinsko.com\/de\/index.php\/wp-json\/wp\/v2\/users\/1"}],"replies":[{"embeddable":true,"href":"https:\/\/www.kokorinsko.com\/de\/index.php\/wp-json\/wp\/v2\/comments?post=23"}],"version-history":[{"count":5,"href":"https:\/\/www.kokorinsko.com\/de\/index.php\/wp-json\/wp\/v2\/pages\/23\/revisions"}],"predecessor-version":[{"id":207,"href":"https:\/\/www.kokorinsko.com\/de\/index.php\/wp-json\/wp\/v2\/pages\/23\/revisions\/207"}],"up":[{"embeddable":true,"href":"https:\/\/www.kokorinsko.com\/de\/index.php\/wp-json\/wp\/v2\/pages\/19"}],"wp:attachment":[{"href":"https:\/\/www.kokorinsko.com\/de\/index.php\/wp-json\/wp\/v2\/media?parent=23"}],"curies":[{"name":"wp","href":"https:\/\/api.w.org\/{rel}","templated":true}]}}