{"id":113,"date":"2014-05-13T23:35:52","date_gmt":"2014-05-13T21:35:52","guid":{"rendered":"http:\/\/www.kokorinsko.com\/cs\/?page_id=113"},"modified":"2014-05-15T09:47:51","modified_gmt":"2014-05-15T07:47:51","slug":"museen-ausstellungen","status":"publish","type":"page","link":"https:\/\/www.kokorinsko.com\/de\/index.php\/sehenswertes\/museen-ausstellungen\/","title":{"rendered":"Museen &#038; Ausstellungen"},"content":{"rendered":"<ul id=\"bgmp_list\" class=\"bgmp_list\"><li id=\"bgmp_list-item-109\" class=\"bgmp_list-item\">\n\t<h3 class=\"bgmp_list-placemark-title\">\n\t\t\u010cty\u0159l\u00edstek Museum\n\t\t\t<\/h3>\n\n\t<div class=\"bgmp_list-description\">\n\t\t\t\t<p>\u010cty\u0159l\u00edstek \u00a0&#8211; legend\u00e4res Comics\u00a0hat nun auch ein eigenes\u00a0Museum. Im Museum unter Anderem k\u00f6nnen Sie spielen, malen oder Besprechungen organisieren.<\/p>\n<p>Web:\u00a0<a title=\"Offizielle Homepage des Museums\" href=\"http:\/\/muzeum.mksdoksy.cz\/\" target=\"_blank\">http:\/\/muzeum.mksdoksy.cz\/<\/a><\/p>\n\t<\/div>\n\n\t<p class=\"bgmp_list-link\">\n\t\t<a href=\"http:\/\/google.com\/maps?q=Vald\u0161tejnsk\u00e1+25,+Doksy\">\n\t\t\tVald\u0161tejnsk\u00e1 25, Doksy\t\t<\/a>\n\t<\/p>\n<\/li>\n<li id=\"bgmp_list-item-133\" class=\"bgmp_list-item\">\n\t<h3 class=\"bgmp_list-placemark-title\">\n\t\tEduard \u0160torch Museum\n\t\t\t<\/h3>\n\n\t<div class=\"bgmp_list-description\">\n\t\t\t\t<p>Das Museum bietet eine spannende Exposition \u00fcber das Leben des ber\u00fchmten tschechischen Schriftstellers Eduard \u0160torch und \u00fcber archeologischen Befunde in dieser Region.<\/p>\n<p>Web:\u00a0<a title=\"Offizielle Homepage des Museums\" href=\"http:\/\/www.muzeumstorch.cz\" target=\"_blank\">http:\/\/www.muzeumstorch.cz<\/a><\/p>\n\t<\/div>\n\n\t<p class=\"bgmp_list-link\">\n\t\t<a href=\"http:\/\/google.com\/maps?q=Lobe\u010d+43,+277+36+Lobe\u010d\">\n\t\t\tLobe\u010d 43, 277 36 Lobe\u010d\t\t<\/a>\n\t<\/p>\n<\/li>\n<li id=\"bgmp_list-item-356\" class=\"bgmp_list-item\">\n\t<h3 class=\"bgmp_list-placemark-title\">\n\t\tMuseum &#8222;Star\u00e9 kr\u00e1snosti&#8220;\n\t\t\t<\/h3>\n\n\t<div class=\"bgmp_list-description\">\n\t\t\t\t<p>Das Museums stellt Geschichte von Spielzeug, Puppen und Kinderwagen dar.<br \/>\nSehensw\u00fcrdigkeiten: Diabetikercaf\u00e9, M\u00e4rchenscheune, Spukkeller, Kinderecke, lebende Tiere k\u00f6nnen von der Terrasse aus beobachtet werden \u2013 Miniaturpferde, Ziegen und kamerunische Schafe<br \/>\nUnser Motto lautet: \u201eStar\u00e9 kr\u00e1snosti ist ein Museum f\u00fcr alle\u201c<\/p>\n<p>Web: <a title=\"Muzeum Star\u00e9 kr\u00e1snosti\" href=\"http:\/\/www.starekrasnosti.cz\" target=\"_blank\" rel=\"noopener\">http:\/\/www.starekrasnosti.cz\/<\/a><\/p>\n\t<\/div>\n\n\t<p class=\"bgmp_list-link\">\n\t\t<a href=\"http:\/\/google.com\/maps?q=Star\u00e9+kr\u00e1snosti\">\n\t\t\tStar\u00e9 kr\u00e1snosti\t\t<\/a>\n\t<\/p>\n<\/li>\n<li id=\"bgmp_list-item-111\" class=\"bgmp_list-item\">\n\t<h3 class=\"bgmp_list-placemark-title\">\n\t\tRegionalmuseum M\u011bln\u00edk\n\t\t\t<\/h3>\n\n\t<div class=\"bgmp_list-description\">\n\t\t\t\t<p>Im Regionalmuseum in der Stadt M\u011bln\u00edk erfahren Sie \u00fcber Weinanbau, Geschichte und Natur in dieser Region.<\/p>\n<p>Web:\u00a0<a title=\"Offizielle Homepage des Museums\" href=\"http:\/\/www.muzeum-melnik.cz\" target=\"_blank\">http:\/\/www.muzeum-melnik.cz<\/a><\/p>\n\t<\/div>\n\n\t<p class=\"bgmp_list-link\">\n\t\t<a href=\"http:\/\/google.com\/maps?q=n\u00e1m.+M\u00edru+54,+M\u011bln\u00edk\">\n\t\t\tn\u00e1m. M\u00edru 54, M\u011bln\u00edk\t\t<\/a>\n\t<\/p>\n<\/li>\n<li id=\"bgmp_list-item-107\" class=\"bgmp_list-item\">\n\t<h3 class=\"bgmp_list-placemark-title\">\n\t\tStadtmuseum M\u0161eno\n\t\t\t<\/h3>\n\n\t<div class=\"bgmp_list-description\">\n\t\t\t\t<p>\u00dcber mschener Z\u00fcnfte und das b\u00fcrgerliche Leben am Ende des 19. Jahrhunderts erfahren Sie in diesem Museum.<\/p>\n<p>Web:\u00a0<a title=\"Offizielle Homepage des Museums\" href=\"http:\/\/www.mestomseno.cz\/index.php?cmd=page&amp;id=1295\" target=\"_blank\">http:\/\/www.mestomseno.cz\/<\/a><\/p>\n\t<\/div>\n\n\t<p class=\"bgmp_list-link\">\n\t\t<a href=\"http:\/\/google.com\/maps?q=n\u00e1m.+M\u00edru+1,+M\u0161eno\">\n\t\t\tn\u00e1m. M\u00edru 1, M\u0161eno\t\t<\/a>\n\t<\/p>\n<\/li>\n<\/ul>\n","protected":false},"excerpt":{"rendered":"<p class=\"continue-reading-button\"> <a class=\"continue-reading-link\" href=\"https:\/\/www.kokorinsko.com\/de\/index.php\/sehenswertes\/museen-ausstellungen\/\">Continue reading<i class=\"crycon-right-dir\"><\/i><\/a><\/p>\n","protected":false},"author":1,"featured_media":0,"parent":19,"menu_order":0,"comment_status":"closed","ping_status":"open","template":"","meta":{"footnotes":""},"class_list":["post-113","page","type-page","status-publish","hentry"],"_links":{"self":[{"href":"https:\/\/www.kokorinsko.com\/de\/index.php\/wp-json\/wp\/v2\/pages\/113","targetHints":{"allow":["GET"]}}],"collection":[{"href":"https:\/\/www.kokorinsko.com\/de\/index.php\/wp-json\/wp\/v2\/pages"}],"about":[{"href":"https:\/\/www.kokorinsko.com\/de\/index.php\/wp-json\/wp\/v2\/types\/page"}],"author":[{"embeddable":true,"href":"https:\/\/www.kokorinsko.com\/de\/index.php\/wp-json\/wp\/v2\/users\/1"}],"replies":[{"embeddable":true,"href":"https:\/\/www.kokorinsko.com\/de\/index.php\/wp-json\/wp\/v2\/comments?post=113"}],"version-history":[{"count":6,"href":"https:\/\/www.kokorinsko.com\/de\/index.php\/wp-json\/wp\/v2\/pages\/113\/revisions"}],"predecessor-version":[{"id":243,"href":"https:\/\/www.kokorinsko.com\/de\/index.php\/wp-json\/wp\/v2\/pages\/113\/revisions\/243"}],"up":[{"embeddable":true,"href":"https:\/\/www.kokorinsko.com\/de\/index.php\/wp-json\/wp\/v2\/pages\/19"}],"wp:attachment":[{"href":"https:\/\/www.kokorinsko.com\/de\/index.php\/wp-json\/wp\/v2\/media?parent=113"}],"curies":[{"name":"wp","href":"https:\/\/api.w.org\/{rel}","templated":true}]}}