{"id":100,"date":"2014-05-13T17:40:17","date_gmt":"2014-05-13T15:40:17","guid":{"rendered":"http:\/\/www.kokorinsko.com\/cs\/?page_id=100"},"modified":"2025-06-13T10:36:01","modified_gmt":"2025-06-13T08:36:01","slug":"impressum","status":"publish","type":"page","link":"https:\/\/www.kokorinsko.com\/de\/index.php\/impressum\/","title":{"rendered":"Impressum"},"content":{"rendered":"<p>Sch\u00f6n, dass sie uns auf\u00a0kokorinsko.com besucht haben! Wir hoffen, dass Sie hier Inspiration f\u00fcr einen sch\u00f6nen Urlaub in Daubaer Schweiz finden. Das Ziel von diesem Projekt ist\u00a0die Region Daubaer Schweiz als Urlaubsregion zu unterst\u00fctzen.<\/p>\n<p><strong>Betreiber:<\/strong><\/p>\n<p>Jakub Kahoun<\/p>\n<p><a title=\"Kontaktformular\" href=\"https:\/\/www.kokorinsko.com\/de\/index.php\/impressum\/kontaktformular\/\">Kontaktformular<\/a><\/p>\n<h5>Copyright<\/h5>\n<p>Der\u00a0Inhalt dieser Website ist\u00a0urheberrechtlich gesch\u00fctzt. Die Nutzung der Texte, Bilder, Videos und\/oder anderer Komponente\u00a0der\u00a0Website ohne ausdr\u00fccklichen\u00a0schriftlichen Genehmigung des Betreibers ist untersagt.<\/p>\n<h5>Haftung<\/h5>\n<p>Trotz gr\u00f6\u00dfte Sorgfalt, die wir bei der Erstellung dieser Website angewendet haben, k\u00f6nnen wir die Korrektheit nicht garantieren. In keinem Fall haftet\u00a0der\u00a0Betreiber f\u00fcr etwaige Sch\u00e4den, welche durch die Benutzung oder im Zusammenhang mit der Benutzung der hier angef\u00fchrten\u00a0Informationen entstanden sind. Auf den Inhalt und Funktion der verlinkten Webseiten anderer Betreiber haben wir\u00a0keinen Einfluss.<\/p>\n","protected":false},"excerpt":{"rendered":"<p>Sch\u00f6n, dass sie uns auf\u00a0kokorinsko.com besucht haben! Wir hoffen, dass Sie hier Inspiration f\u00fcr einen sch\u00f6nen Urlaub in Daubaer Schweiz finden. Das Ziel von diesem Projekt ist\u00a0die Region Daubaer Schweiz als Urlaubsregion zu unterst\u00fctzen. Betreiber: Jakub Kahoun Kontaktformular Copyright Der\u00a0Inhalt dieser Website ist\u00a0urheberrechtlich gesch\u00fctzt. Die Nutzung der Texte, Bilder, Videos\u2026<\/p>\n<p class=\"continue-reading-button\"> <a class=\"continue-reading-link\" href=\"https:\/\/www.kokorinsko.com\/de\/index.php\/impressum\/\">Continue reading<i class=\"crycon-right-dir\"><\/i><\/a><\/p>\n","protected":false},"author":1,"featured_media":0,"parent":0,"menu_order":0,"comment_status":"closed","ping_status":"open","template":"","meta":{"footnotes":""},"class_list":["post-100","page","type-page","status-publish","hentry"],"_links":{"self":[{"href":"https:\/\/www.kokorinsko.com\/de\/index.php\/wp-json\/wp\/v2\/pages\/100","targetHints":{"allow":["GET"]}}],"collection":[{"href":"https:\/\/www.kokorinsko.com\/de\/index.php\/wp-json\/wp\/v2\/pages"}],"about":[{"href":"https:\/\/www.kokorinsko.com\/de\/index.php\/wp-json\/wp\/v2\/types\/page"}],"author":[{"embeddable":true,"href":"https:\/\/www.kokorinsko.com\/de\/index.php\/wp-json\/wp\/v2\/users\/1"}],"replies":[{"embeddable":true,"href":"https:\/\/www.kokorinsko.com\/de\/index.php\/wp-json\/wp\/v2\/comments?post=100"}],"version-history":[{"count":16,"href":"https:\/\/www.kokorinsko.com\/de\/index.php\/wp-json\/wp\/v2\/pages\/100\/revisions"}],"predecessor-version":[{"id":362,"href":"https:\/\/www.kokorinsko.com\/de\/index.php\/wp-json\/wp\/v2\/pages\/100\/revisions\/362"}],"wp:attachment":[{"href":"https:\/\/www.kokorinsko.com\/de\/index.php\/wp-json\/wp\/v2\/media?parent=100"}],"curies":[{"name":"wp","href":"https:\/\/api.w.org\/{rel}","templated":true}]}}