{"id":54,"date":"2014-05-13T15:42:44","date_gmt":"2014-05-13T13:42:44","guid":{"rendered":"http:\/\/www.kokorinsko.com\/cs\/?page_id=54"},"modified":"2020-11-30T21:37:22","modified_gmt":"2020-11-30T19:37:22","slug":"husi-cesta","status":"publish","type":"page","link":"https:\/\/www.kokorinsko.com\/cs\/index.php\/zajimavosti\/priroda\/husi-cesta\/","title":{"rendered":"Hus\u00ed cesta"},"content":{"rendered":"<p>Hus\u00ed cesta je b\u00fdval\u00e1 obchodn\u00ed stezka spojuj\u00edc\u00ed Skalku a Dubou. Cesta je vedena po h\u0159ebeni, aby po ni mohly povozy snadno proj\u00ed\u017ed\u011bt. Ve sv\u00e9m nejvy\u0161\u0161\u00edm bod\u011b proch\u00e1z\u00ed podel vrchu Husa, od kter\u00e9ho dostala z\u0159ejm\u011b sv\u00e9 jm\u00e9no. Starousedl\u00edk, pan Fleischer, kter\u00fd byl po\u010d\u00e1tkem 20. stolet\u00ed pr\u016fvodcem na Hus\u00ed cest\u011b, v\u0161ak tvrd\u00ed, \u017ee n\u00e1zev je odvozen od toho jak cesta neust\u00e1le m\u011bn\u00ed sm\u011br a ch\u016fze po n\u00ed tak p\u0159ipom\u00edn\u00e1 sp\u00ed\u0161e hus\u00ed ch\u016fzi.<br \/>\nB\u011bhem sv\u00e9 historie zm\u011bnila Hus\u00ed cesta n\u011bkolikr\u00e1t svoji trasu. Je\u0161t\u011b po\u010d\u00e1tkem 20. stolet\u00ed vedla od Martinsk\u00fdch st\u011bn sm\u011brem D\u0159ev\u010dice. Tento \u00fasek byl p\u0159ed p\u00e1r roky obnoven m\u00edstn\u00edmi nad\u0161enci a dnes je ozna\u010dov\u00e1n jako Star\u00e1 Hus\u00ed cesta. Pokud pojedete na Hus\u00ed cest\u011b od Skalky na kole, tak v\u00e1s zna\u010dka dovede a\u017e na rozcest\u00ed Nad Lhotou. P\u011b\u0161\u00ed turist\u00e9 dojdou po \u010derven\u00e9 zna\u010dce a\u017e do Pavli\u010dek.<br \/>\nPod\u00e9l cesty poutn\u00edk nalezne nez\u010detn\u011b skaln\u00edch \u00fatvar\u016f. Skaln\u00ed \u00fatvar, kter\u00fd je hned u cesty je skaln\u00ed \u00fatvar husa na stejnojmenn\u00e9m vrcholku. Jedn\u00e1 se o p\u00edskovcov\u00fd monolit ve tvaru husy se sklon\u011bnou hlavou. Kousek d\u00e1l od cesty se nach\u00e1zej\u00ed Kr\u00e1pn\u00edk a Tis\u00edcov\u00fd k\u00e1men.<\/p>\n","protected":false},"excerpt":{"rendered":"<p>Hus\u00ed cesta je b\u00fdval\u00e1 obchodn\u00ed stezka spojuj\u00edc\u00ed Skalku a Dubou. Cesta je vedena po h\u0159ebeni, aby po ni mohly povozy snadno proj\u00ed\u017ed\u011bt. Ve sv\u00e9m nejvy\u0161\u0161\u00edm bod\u011b proch\u00e1z\u00ed podel vrchu Husa, od kter\u00e9ho dostala z\u0159ejm\u011b sv\u00e9 jm\u00e9no. Starousedl\u00edk, pan Fleischer, kter\u00fd byl po\u010d\u00e1tkem 20. stolet\u00ed pr\u016fvodcem na Hus\u00ed cest\u011b, v\u0161ak tvrd\u00ed,\u2026<\/p>\n<p class=\"continue-reading-button\"> <a class=\"continue-reading-link\" href=\"https:\/\/www.kokorinsko.com\/cs\/index.php\/zajimavosti\/priroda\/husi-cesta\/\">Continue reading<i class=\"crycon-right-dir\"><\/i><\/a><\/p>\n","protected":false},"author":1,"featured_media":0,"parent":26,"menu_order":0,"comment_status":"closed","ping_status":"open","template":"templates\/template-onecolumn.php","meta":{"footnotes":""},"class_list":["post-54","page","type-page","status-publish","hentry"],"_links":{"self":[{"href":"https:\/\/www.kokorinsko.com\/cs\/index.php\/wp-json\/wp\/v2\/pages\/54","targetHints":{"allow":["GET"]}}],"collection":[{"href":"https:\/\/www.kokorinsko.com\/cs\/index.php\/wp-json\/wp\/v2\/pages"}],"about":[{"href":"https:\/\/www.kokorinsko.com\/cs\/index.php\/wp-json\/wp\/v2\/types\/page"}],"author":[{"embeddable":true,"href":"https:\/\/www.kokorinsko.com\/cs\/index.php\/wp-json\/wp\/v2\/users\/1"}],"replies":[{"embeddable":true,"href":"https:\/\/www.kokorinsko.com\/cs\/index.php\/wp-json\/wp\/v2\/comments?post=54"}],"version-history":[{"count":3,"href":"https:\/\/www.kokorinsko.com\/cs\/index.php\/wp-json\/wp\/v2\/pages\/54\/revisions"}],"predecessor-version":[{"id":322,"href":"https:\/\/www.kokorinsko.com\/cs\/index.php\/wp-json\/wp\/v2\/pages\/54\/revisions\/322"}],"up":[{"embeddable":true,"href":"https:\/\/www.kokorinsko.com\/cs\/index.php\/wp-json\/wp\/v2\/pages\/26"}],"wp:attachment":[{"href":"https:\/\/www.kokorinsko.com\/cs\/index.php\/wp-json\/wp\/v2\/media?parent=54"}],"curies":[{"name":"wp","href":"https:\/\/api.w.org\/{rel}","templated":true}]}}