{"id":42,"date":"2014-05-13T14:23:54","date_gmt":"2014-05-13T12:23:54","guid":{"rendered":"http:\/\/www.kokorinsko.com\/cs\/?page_id=42"},"modified":"2020-11-29T21:21:45","modified_gmt":"2020-11-29T19:21:45","slug":"infocentra","status":"publish","type":"page","link":"https:\/\/www.kokorinsko.com\/cs\/index.php\/infocentra\/","title":{"rendered":"Informa\u010dn\u00ed centra"},"content":{"rendered":"<h5>Turistick\u00e9 informa\u010dn\u00ed centrum Dub\u00e1<\/h5>\n<div>\n<address>Masarykovo n\u00e1m. 138\/1,<br \/>\n471 41 Dub\u00e1<\/address>\n<p>Telefon: +420 487 870 490<\/p>\n<p>Otev\u00edrac\u00ed doba (\u010dervenec, srpen):<br \/>\n7-18 h<\/p>\n<\/div>\n<h5><span style=\"color: #000000; font-size: 1em; line-height: 1.5em;\">Turistick\u00e9 informa\u010dn\u00ed centrum M\u0161eno<\/span><\/h5>\n<address>n\u00e1m. M\u00edru 1 (v budov\u011b radnice)<br \/>\n277 35 M\u0161eno<\/address>\n<p>Telefon: +420 315 693 040<\/p>\n<p>Otev\u00edrac\u00ed doba (od 1.4. do 30.10.):<br \/>\n9-12, 13-17 h (mimo pr\u00e1zdnin jen So, Ne)<\/p>\n<h5>Turistick\u00e9 informa\u010dn\u00ed st\u0159edisko M\u011bln\u00edk<\/h5>\n<address>Legion\u00e1\u0159\u016f 51,<br \/>\n276 01 M\u011bln\u00edk<\/address>\n<p>Telefon: +420 315 627 503<\/p>\n<p>Otev\u00edrac\u00ed doba:<br \/>\n9-17 h<\/p>\n<h5>Infocentrum Doksy<\/h5>\n<address>n\u00e1m. Republiky 191<br \/>\n472\u00a001\u00a0Doksy<\/address>\n<p>Telefon: +420\u00a0487\u00a0872\u00a0067<br \/>\nOtev\u00edrac\u00ed doba:<br \/>\n9-12, 13-16 h<\/p>\n<p><script type=\"text\/javascript\"><br \/>\n        var isGoogleBot = navigator.userAgent.toLowerCase().indexOf('googlebot') > -1;<br \/>\n        if (isGoogleBot)<br \/>\n            return; \/\/ \"Sorry, we have no imagery here\" BUG<br \/>\n<\/script><br \/>\n<p class=\"error\">Basic Google Maps Placemarks error: JavaScript and\/or CSS files aren't loaded. If you're using do_shortcode() you need to add a filter to your theme first. See <a href=\"http:\/\/wordpress.org\/extend\/plugins\/basic-google-maps-placemarks\/faq\/\">the FAQ<\/a> for details.<\/p><\/p>\n","protected":false},"excerpt":{"rendered":"<p>Turistick\u00e9 informa\u010dn\u00ed centrum Dub\u00e1 Masarykovo n\u00e1m. 138\/1, 471 41 Dub\u00e1 Telefon: +420 487 870 490 Otev\u00edrac\u00ed doba (\u010dervenec, srpen): 7-18 h Turistick\u00e9 informa\u010dn\u00ed centrum M\u0161eno n\u00e1m. M\u00edru 1 (v budov\u011b radnice) 277 35 M\u0161eno Telefon: +420 315 693 040 Otev\u00edrac\u00ed doba (od 1.4. do 30.10.): 9-12, 13-17 h (mimo pr\u00e1zdnin\u2026<\/p>\n<p class=\"continue-reading-button\"> <a class=\"continue-reading-link\" href=\"https:\/\/www.kokorinsko.com\/cs\/index.php\/infocentra\/\">Continue reading<i class=\"crycon-right-dir\"><\/i><\/a><\/p>\n","protected":false},"author":1,"featured_media":0,"parent":0,"menu_order":5,"comment_status":"closed","ping_status":"open","template":"templates\/template-onecolumn.php","meta":{"footnotes":""},"class_list":["post-42","page","type-page","status-publish","hentry"],"_links":{"self":[{"href":"https:\/\/www.kokorinsko.com\/cs\/index.php\/wp-json\/wp\/v2\/pages\/42","targetHints":{"allow":["GET"]}}],"collection":[{"href":"https:\/\/www.kokorinsko.com\/cs\/index.php\/wp-json\/wp\/v2\/pages"}],"about":[{"href":"https:\/\/www.kokorinsko.com\/cs\/index.php\/wp-json\/wp\/v2\/types\/page"}],"author":[{"embeddable":true,"href":"https:\/\/www.kokorinsko.com\/cs\/index.php\/wp-json\/wp\/v2\/users\/1"}],"replies":[{"embeddable":true,"href":"https:\/\/www.kokorinsko.com\/cs\/index.php\/wp-json\/wp\/v2\/comments?post=42"}],"version-history":[{"count":21,"href":"https:\/\/www.kokorinsko.com\/cs\/index.php\/wp-json\/wp\/v2\/pages\/42\/revisions"}],"predecessor-version":[{"id":318,"href":"https:\/\/www.kokorinsko.com\/cs\/index.php\/wp-json\/wp\/v2\/pages\/42\/revisions\/318"}],"wp:attachment":[{"href":"https:\/\/www.kokorinsko.com\/cs\/index.php\/wp-json\/wp\/v2\/media?parent=42"}],"curies":[{"name":"wp","href":"https:\/\/api.w.org\/{rel}","templated":true}]}}