{"id":26,"date":"2014-05-13T13:45:05","date_gmt":"2014-05-13T11:45:05","guid":{"rendered":"http:\/\/www.kokorinsko.com\/cs\/?page_id=26"},"modified":"2020-11-29T20:19:40","modified_gmt":"2020-11-29T18:19:40","slug":"priroda","status":"publish","type":"page","link":"https:\/\/www.kokorinsko.com\/cs\/index.php\/zajimavosti\/priroda\/","title":{"rendered":"P\u0159\u00edrodn\u00ed pam\u00e1tky"},"content":{"rendered":"<ul id=\"bgmp_list\" class=\"bgmp_list\"><li id=\"bgmp_list-item-6\" class=\"bgmp_list-item\">\n\t<h3 class=\"bgmp_list-placemark-title\">\n\t\t\u010cap\n\t\t\t<\/h3>\n\n\t<div class=\"bgmp_list-description\">\n\t\t\t\t<div id=\"attachment_294\" style=\"width: 160px\" class=\"wp-caption alignright\"><a href=\"http:\/\/www.kokorinsko.com\/cs\/wp-content\/uploads\/2014\/05\/cap.jpg\"><img loading=\"lazy\" decoding=\"async\" aria-describedby=\"caption-attachment-294\" class=\"size-thumbnail wp-image-294\" alt=\"\u010cap\" src=\"http:\/\/www.kokorinsko.com\/cs\/wp-content\/uploads\/2014\/05\/cap-150x150.jpg\" width=\"150\" height=\"150\" \/><\/a><p id=\"caption-attachment-294\" class=\"wp-caption-text\">\u010cap<\/p><\/div>\n<p>Skalnat\u00fd \u00fatvar se zbytky hr\u00e1dku a par\u00e1dn\u00edm v\u00fdhledem do kraje. Hr\u00e1dek byl postaven koncem 14. stolet\u00ed pravd\u011bpodobn\u011b Jind\u0159ichem Berky z Dub\u00e9. Z hr\u00e1dku se dochovala jen cisterna a skaln\u00ed sloup tzv. \u010capsk\u00e1 palice.<\/p>\n<p>&nbsp;<\/p>\n\t<\/div>\n\n\t<p class=\"bgmp_list-link\">\n\t\t<a href=\"http:\/\/google.com\/maps?q=\u010capsk\u00e1+palice,+Dub\u00e1,+\u010cesko\">\n\t\t\t\u010capsk\u00e1 palice, Dub\u00e1, \u010cesko\t\t<\/a>\n\t<\/p>\n<\/li>\n<li id=\"bgmp_list-item-38\" class=\"bgmp_list-item\">\n\t<h3 class=\"bgmp_list-placemark-title\">\n\t\t\u010certovy hlavy\n\t\t\t<\/h3>\n\n\t<div class=\"bgmp_list-description\">\n\t\t\t\t<p>P\u0159i vjezdu do \u017del\u00edzy od Lib\u011bchova nejsp\u00ed\u0161e nep\u0159ehl\u00e9dnete dv\u011b obrovsk\u00e9 hlavy ty\u010d\u00edc\u00ed se v kopci nad obc\u00ed. V letech 1841 a\u017e 1846 je zde vytesal do p\u00edskovcov\u00fdch skal socha\u0159 V\u00e1clav Lev\u00fd. D\u00edlo dosahuje na v\u00fd\u0161ku \u00factyhodn\u00fdch 9 metr\u016f.<br \/>\nK soch\u00e1m se nejl\u00e9pe dostanete z \u017del\u00edz po modr\u00e9 turistick\u00e9 zna\u010dce.<\/p>\n<p>&nbsp;<\/p>\n\t<\/div>\n\n\t<p class=\"bgmp_list-link\">\n\t\t<a href=\"http:\/\/google.com\/maps?q=\u010certovy+hlavy,+\u017del\u00edzy,+\u017del\u00edzy,+Czechia\">\n\t\t\t\u010certovy hlavy, \u017del\u00edzy, \u017del\u00edzy, Czechia\t\t<\/a>\n\t<\/p>\n<\/li>\n<li id=\"bgmp_list-item-312\" class=\"bgmp_list-item\">\n\t<h3 class=\"bgmp_list-placemark-title\">\n\t\tDolsk\u00e9 \u00fadol\u00ed\n\t\t\t<\/h3>\n\n\t<div class=\"bgmp_list-description\">\n\t\t\t\t<p>Dolsk\u00e9 \u00fadol\u00ed je pova\u017eov\u00e1no za jedno z nejhez\u010d\u00edch oblast\u00ed Dubsk\u00e9ho \u0160v\u00fdcarska. Je lemov\u00e1no p\u00edskovcov\u00fdmi skalami s \u0159adou v\u011b\u017e\u00ed, kter\u00e9 s pestr\u00fdmi n\u00e1zvy. \u00dadol\u00edm prot\u00e9k\u00e1 Dolsk\u00fd potok, na kter\u00e9m kdysi st\u00e1val Dolsk\u00fd ml\u00fdn. Ten byl v\u0161ak roku 1903 zni\u010dem b\u011bhem bou\u0159e a n\u00e1sledn\u00e9 povodni. Dodnes jsou v\u0161ak patrn\u00e9 poz\u016fstatky obvodov\u00fdch zd\u00ed a r\u016fzn\u00fdch v\u00fdklenk\u016f vytesan\u00fdch do skal. Na skal\u00e1ch v\u00fdchodn\u011b od Dolsk\u00e9ho ml\u00fdna se nach\u00e1z\u00ed dominanta Dolsk\u00e9ho \u00fadol\u00ed: z\u0159\u00edcenina hradu Chud\u00fd hr\u00e1dek.<br \/>\nV ji\u017en\u00ed \u010d\u00e1sti navazuje Dolsk\u00e9 \u00fadol\u00ed na \u010certovu rokli kudy vede cesta do Drchlavy. Nejsn\u00e1ze p\u0159\u00edstupn\u00e9 je \u00fadol\u00ed z osady Su\u0161ice.<\/p>\n\t<\/div>\n\n\t<p class=\"bgmp_list-link\">\n\t\t<a href=\"http:\/\/google.com\/maps?q=Dolsk\u00e9+\u00fadol\u00ed,+Jest\u0159eb\u00ed,+Czechia\">\n\t\t\tDolsk\u00e9 \u00fadol\u00ed, Jest\u0159eb\u00ed, Czechia\t\t<\/a>\n\t<\/p>\n<\/li>\n<li id=\"bgmp_list-item-319\" class=\"bgmp_list-item\">\n\t<h3 class=\"bgmp_list-placemark-title\">\n\t\tHus\u00ed cesta\n\t\t\t<\/h3>\n\n\t<div class=\"bgmp_list-description\">\n\t\t\t\t<p>Historick\u00e1 stezka pro p\u011b\u0161\u00ed a cyklisty mezi Skalkou a Lhotou pop\u0159. Pavli\u010dkami v\u00e1m poskytne pohled na p\u0159\u00edrodn\u00ed skvosty M\u00e1chova kraje jako jsou nap\u0159\u00edklad Martinsk\u00e9 st\u011bny \u010di Vlho\u0161\u0165 a p\u0159ivede k nejpozoruhodn\u011bj\u0161\u00edm skaln\u00edm \u00fatvar\u016fm.<\/p>\n<p><a href=\"https:\/\/www.kokorinsko.com\/cs\/index.php\/zajimavosti\/priroda\/husi-cesta\/\">V\u00edce o Hus\u00ed cest\u011b&#8230;<\/a><\/p>\n\t<\/div>\n\n\t<p class=\"bgmp_list-link\">\n\t\t<a href=\"http:\/\/google.com\/maps?q=Hus\u00ed+cesta,+Tuha\u0148,+\u010cesko\">\n\t\t\tHus\u00ed cesta, Tuha\u0148, \u010cesko\t\t<\/a>\n\t<\/p>\n<\/li>\n<li id=\"bgmp_list-item-36\" class=\"bgmp_list-item\">\n\t<h3 class=\"bgmp_list-placemark-title\">\n\t\tPokli\u010dky\n\t\t\t<\/h3>\n\n\t<div class=\"bgmp_list-description\">\n\t\t\t\t<div id=\"attachment_298\" style=\"width: 160px\" class=\"wp-caption alignright\"><a href=\"http:\/\/www.kokorinsko.com\/cs\/wp-content\/uploads\/2014\/05\/poklicky.jpg\"><img loading=\"lazy\" decoding=\"async\" aria-describedby=\"caption-attachment-298\" class=\"size-thumbnail wp-image-298\" alt=\"Pokli\u010dky\" src=\"http:\/\/www.kokorinsko.com\/cs\/wp-content\/uploads\/2014\/05\/poklicky-150x150.jpg\" width=\"150\" height=\"150\" \/><\/a><p id=\"caption-attachment-298\" class=\"wp-caption-text\">Pokli\u010dky<\/p><\/div>\n<p>Unik\u00e1tn\u00ed skaln\u00ed \u00fatvary p\u0159ipom\u00ednaj\u00edc\u00ed h\u0159iby. Pokli\u010dky vznikly r\u016fznou intenzitou zv\u011btr\u00e1v\u00e1n\u00ed hornin. Doln\u00ed \u010d\u00e1st je tvo\u0159ena p\u00edskovcem, zat\u00edmco horn\u00ed v\u016f\u010di erozi odoln\u011bj\u0161\u00edmi \u017eelezit\u00fdmi slepenci.<\/p>\n<p>&nbsp;<\/p>\n\t<\/div>\n\n\t<p class=\"bgmp_list-link\">\n\t\t<a href=\"http:\/\/google.com\/maps?q=Pokli\u010dky,+M\u0161eno,+Czechia\">\n\t\t\tPokli\u010dky, M\u0161eno, Czechia\t\t<\/a>\n\t<\/p>\n<\/li>\n<li id=\"bgmp_list-item-8\" class=\"bgmp_list-item\">\n\t<h3 class=\"bgmp_list-placemark-title\">\n\t\tPust\u00fd z\u00e1mek\n\t\t\t<\/h3>\n\n\t<div class=\"bgmp_list-description\">\n\t\t\t\t<div id=\"attachment_300\" style=\"width: 160px\" class=\"wp-caption alignright\"><a href=\"http:\/\/www.kokorinsko.com\/cs\/wp-content\/uploads\/2014\/05\/pusty_zamek.jpg\"><img loading=\"lazy\" decoding=\"async\" aria-describedby=\"caption-attachment-300\" class=\"size-thumbnail wp-image-300\" alt=\"Pust\u00fd z\u00e1mek\" src=\"http:\/\/www.kokorinsko.com\/cs\/wp-content\/uploads\/2014\/05\/pusty_zamek-150x150.jpg\" width=\"150\" height=\"150\" \/><\/a><p id=\"caption-attachment-300\" class=\"wp-caption-text\">Pust\u00fd z\u00e1mek<\/p><\/div>\n<p>Kamenn\u00e9 poz\u016fstatky hr\u00e1dku z 14. stolet\u00ed vryt\u00e9 do p\u00edskovcov\u00fdch skal. Pust\u00fd z\u00e1mek se nach\u00e1z\u00ed nad malebn\u00fdch \u00fadol\u00edm \u0159\u00ed\u010dky Lib\u011bchovky. P\u0159\u00edstupn\u00fd je po \u017elut\u00e9 turistick\u00e9 zna\u010dce ze Zak\u0161\u00edna.<\/p>\n<p>&nbsp;<\/p>\n<p>&nbsp;<\/p>\n\t<\/div>\n\n\t<p class=\"bgmp_list-link\">\n\t\t<a href=\"http:\/\/google.com\/maps?q=z\u0159\u00edcenina+hradu+Pust\u00fd+z\u00e1mek,+Dub\u00e1,+\u010cesko\">\n\t\t\tz\u0159\u00edcenina hradu Pust\u00fd z\u00e1mek, Dub\u00e1, \u010cesko\t\t<\/a>\n\t<\/p>\n<\/li>\n<li id=\"bgmp_list-item-137\" class=\"bgmp_list-item\">\n\t<h3 class=\"bgmp_list-placemark-title\">\n\t\tVr\u00e1tensk\u00e1 hora\n\t\t\t<\/h3>\n\n\t<div class=\"bgmp_list-description\">\n\t\t\t\t<p>Vr\u00e1tensk\u00e1 hora je se svou nadmo\u0159skou v\u00fd\u0161kou 508 m nad mo\u0159em jednou z dominant Koko\u0159\u00ednska. Na vrcholku hory se nach\u00e1z\u00ed rozhledna s kruhov\u00fdm v\u00fdhledem do kraje. Nejl\u00e9pe se na horu dostanete z obce Libovice.<\/p>\n<p>&nbsp;<\/p>\n\t<\/div>\n\n\t<p class=\"bgmp_list-link\">\n\t\t<a href=\"http:\/\/google.com\/maps?q=Vr\u00e1tensk\u00e1+hora,+Doksy,+\u010cesko\">\n\t\t\tVr\u00e1tensk\u00e1 hora, Doksy, \u010cesko\t\t<\/a>\n\t<\/p>\n<\/li>\n<li id=\"bgmp_list-item-34\" class=\"bgmp_list-item\">\n\t<h3 class=\"bgmp_list-placemark-title\">\n\t\tVrch Nedv\u011bz\u00ed\n\t\t\t<\/h3>\n\n\t<div class=\"bgmp_list-description\">\n\t\t\t\t<p>Vrch Nedv\u011bz\u00ed nab\u00edz\u00ed jedine\u010dn\u00fd kruhov\u00fd v\u00fdhled daleko do kraje. P\u0159i dobr\u00e9 viditelnosti lze tak spat\u0159it Kru\u0161n\u00e9 nebo Jizersk\u00e9 hory. K vrchu se lze dostat bu\u010f p\u0159es stejnojmennou malebnou vesni\u010dku nebo turistickou stezkou nap\u0159\u00edklad od <a title=\"Pust\u00fd z\u00e1mek\" href=\"http:\/\/www.kokorinsko.com\/cs\/index.php\/placemarks\/pusty-zamek\/\">Pust\u00e9ho z\u00e1mku<\/a>.<\/p>\n<p>&nbsp;<\/p>\n\t<\/div>\n\n\t<p class=\"bgmp_list-link\">\n\t\t<a href=\"http:\/\/google.com\/maps?q=Nedv\u011bz\u00ed+vrchol,+Nedv\u011bz\u00ed,+Dub\u00e1,+\u010cesko\">\n\t\t\tNedv\u011bz\u00ed vrchol, Nedv\u011bz\u00ed, Dub\u00e1, \u010cesko\t\t<\/a>\n\t<\/p>\n<\/li>\n<\/ul>\n","protected":false},"excerpt":{"rendered":"<p class=\"continue-reading-button\"> <a class=\"continue-reading-link\" href=\"https:\/\/www.kokorinsko.com\/cs\/index.php\/zajimavosti\/priroda\/\">Continue reading<i class=\"crycon-right-dir\"><\/i><\/a><\/p>\n","protected":false},"author":1,"featured_media":0,"parent":19,"menu_order":0,"comment_status":"closed","ping_status":"open","template":"","meta":{"footnotes":""},"class_list":["post-26","page","type-page","status-publish","hentry"],"_links":{"self":[{"href":"https:\/\/www.kokorinsko.com\/cs\/index.php\/wp-json\/wp\/v2\/pages\/26","targetHints":{"allow":["GET"]}}],"collection":[{"href":"https:\/\/www.kokorinsko.com\/cs\/index.php\/wp-json\/wp\/v2\/pages"}],"about":[{"href":"https:\/\/www.kokorinsko.com\/cs\/index.php\/wp-json\/wp\/v2\/types\/page"}],"author":[{"embeddable":true,"href":"https:\/\/www.kokorinsko.com\/cs\/index.php\/wp-json\/wp\/v2\/users\/1"}],"replies":[{"embeddable":true,"href":"https:\/\/www.kokorinsko.com\/cs\/index.php\/wp-json\/wp\/v2\/comments?post=26"}],"version-history":[{"count":6,"href":"https:\/\/www.kokorinsko.com\/cs\/index.php\/wp-json\/wp\/v2\/pages\/26\/revisions"}],"predecessor-version":[{"id":311,"href":"https:\/\/www.kokorinsko.com\/cs\/index.php\/wp-json\/wp\/v2\/pages\/26\/revisions\/311"}],"up":[{"embeddable":true,"href":"https:\/\/www.kokorinsko.com\/cs\/index.php\/wp-json\/wp\/v2\/pages\/19"}],"wp:attachment":[{"href":"https:\/\/www.kokorinsko.com\/cs\/index.php\/wp-json\/wp\/v2\/media?parent=26"}],"curies":[{"name":"wp","href":"https:\/\/api.w.org\/{rel}","templated":true}]}}