{"id":23,"date":"2014-05-13T13:43:55","date_gmt":"2014-05-13T11:43:55","guid":{"rendered":"http:\/\/www.kokorinsko.com\/cs\/?page_id=23"},"modified":"2014-05-14T17:44:30","modified_gmt":"2014-05-14T15:44:30","slug":"hrady-a-zamky","status":"publish","type":"page","link":"https:\/\/www.kokorinsko.com\/cs\/index.php\/zajimavosti\/hrady-a-zamky\/","title":{"rendered":"Hrady a z\u00e1mky"},"content":{"rendered":"<ul id=\"bgmp_list\" class=\"bgmp_list\"><li id=\"bgmp_list-item-52\" class=\"bgmp_list-item\">\n\t<h3 class=\"bgmp_list-placemark-title\">\n\t\tHrad Bezd\u011bz\n\t\t\t<\/h3>\n\n\t<div class=\"bgmp_list-description\">\n\t\t\t\t<div id=\"attachment_296\" style=\"width: 160px\" class=\"wp-caption alignright\"><a href=\"http:\/\/www.kokorinsko.com\/cs\/wp-content\/uploads\/2014\/05\/hrad_bezdez.jpg\"><img loading=\"lazy\" decoding=\"async\" aria-describedby=\"caption-attachment-296\" class=\"size-thumbnail wp-image-296\" alt=\"Hrad Bezd\u011bz\" src=\"http:\/\/www.kokorinsko.com\/cs\/wp-content\/uploads\/2014\/05\/hrad_bezdez-150x150.jpg\" width=\"150\" height=\"150\" \/><\/a><p id=\"caption-attachment-296\" class=\"wp-caption-text\">Bezd\u011bz<\/p><\/div>\n<p>Jeden z m\u00e1la hrad\u016f, kter\u00fd se zachoval ve sv\u00e9 p\u016fvodn\u00ed podobn\u011b a je nel\u00e9pe dochovan\u00fdm hradem kr\u00e1le P\u0159emysla Otakara II. Nejen d\u00edky sv\u00e9mu majest\u00e1tn\u00e9mu zasazen\u00ed do kraje nad M\u00e1chov\u00fdm jezerem se hrad Bezd\u011bz stal inspirac\u00ed pro um\u011bleck\u00e9 velik\u00e1ny jako Karel Hynek M\u00e1cha \u010di Bed\u0159ich Smetana. Vedle poutav\u00e9 historie se na hrad\u011b m\u016f\u017eete t\u011b\u0161it i fascinuj\u00edc\u00edmu v\u00fdhledu do kraje.<\/p>\n<p>&nbsp;<\/p>\n<p>Web:\u00a0<a title=\"Ofici\u00e1ln\u00ed str\u00e1nky hradu Bezd\u011bz\" href=\"http:\/\/www.hrad-bezdez.eu\/\">http:\/\/www.hrad-bezdez.eu\/<\/a><\/p>\n\t<\/div>\n\n\t<p class=\"bgmp_list-link\">\n\t\t<a href=\"http:\/\/google.com\/maps?q=Bezd\u011bz+Hrad,+Doksy,+\u010cesk\u00e1+republika\">\n\t\t\tBezd\u011bz Hrad, Doksy, \u010cesk\u00e1 republika\t\t<\/a>\n\t<\/p>\n<\/li>\n<li id=\"bgmp_list-item-32\" class=\"bgmp_list-item\">\n\t<h3 class=\"bgmp_list-placemark-title\">\n\t\tHrad Houska\n\t\t\t<\/h3>\n\n\t<div class=\"bgmp_list-description\">\n\t\t\t\t<p>Pravd\u011bpodobn\u011b nejtajupln\u011bj\u0161\u00ed hrad v cel\u00e9m Koko\u0159\u00ednsku. Hrad je op\u0159eden celou \u0159adou pov\u011bst\u00ed a m\u00fdt\u016f. \u00dadajn\u011b se zde nach\u00e1z\u00ed br\u00e1na do pekel. Rann\u011b gotick\u00fd hrad Houska nechal v prvn\u00ed polovin\u011b 13. stolet\u00ed\u00a0vystav\u011bt kr\u00e1l P\u0159emysl Otakar II.<\/p>\n<p>Web:\u00a0<a title=\"Ofici\u00e1ln\u00ed str\u00e1nky hradu Houska\" href=\"http:\/\/www.hradhouska.cz\/\" target=\"_blank\">http:\/\/www.hradhouska.cz\/<\/a><\/p>\n\t<\/div>\n\n\t<p class=\"bgmp_list-link\">\n\t\t<a href=\"http:\/\/google.com\/maps?q=Hrad+Houska,+Houska,+Blatce,+\u010cesk\u00e1+republika\">\n\t\t\tHrad Houska, Houska, Blatce, \u010cesk\u00e1 republika\t\t<\/a>\n\t<\/p>\n<\/li>\n<li id=\"bgmp_list-item-46\" class=\"bgmp_list-item\">\n\t<h3 class=\"bgmp_list-placemark-title\">\n\t\tHrad Koko\u0159\u00edn\n\t\t\t<\/h3>\n\n\t<div class=\"bgmp_list-description\">\n\t\t\t\t<p>Nejv\u011bt\u0161\u00ed dominantou regionu a z\u00e1rove\u0148 nejzachovalej\u0161\u00edm hradem je pr\u00e1v\u011b hrad Koko\u0159\u00edn. Prvn\u00ed zm\u00ednky o hradu se datuj\u00ed u\u017e roku 1320. Vedle rozs\u00e1hl\u00e9 expozice l\u00e1k\u00e1 k n\u00e1v\u0161t\u011bv\u011b i nespo\u010det akc\u00ed po\u0159\u00e1dan\u00fdch p\u0159\u00edmo v prostor\u00e1ch Koko\u0159\u00edna.<\/p>\n<p>Web:\u00a0<a title=\"Ofici\u00e1ln\u00ed str\u00e1nky hradu Koko\u0159\u00edn\" href=\"http:\/\/www.hrad-kokorin.cz\/\" target=\"_blank\">http:\/\/www.hrad-kokorin.cz\/<\/a><\/p>\n\t<\/div>\n\n\t<p class=\"bgmp_list-link\">\n\t\t<a href=\"http:\/\/google.com\/maps?q=Hrad+Koko\u0159\u00edn\">\n\t\t\tHrad Koko\u0159\u00edn\t\t<\/a>\n\t<\/p>\n<\/li>\n<li id=\"bgmp_list-item-50\" class=\"bgmp_list-item\">\n\t<h3 class=\"bgmp_list-placemark-title\">\n\t\tZ\u00e1mek Vidim\n\t\t\t<\/h3>\n\n\t<div class=\"bgmp_list-description\">\n\t\t\t\t<p>Barokn\u00ed z\u00e1mek pravd\u011bpodobn\u011b ze 17. stolet\u00ed s anglick\u00fdm parkem. Tato kulturn\u00ed pam\u00e1tka slou\u017e\u00ed moment\u00e1ln\u011b jako domov d\u016fchodc\u016f.<\/p>\n<p>&nbsp;<\/p>\n\t<\/div>\n\n\t<p class=\"bgmp_list-link\">\n\t\t<a href=\"http:\/\/google.com\/maps?q=50.466330,+14.525781\">\n\t\t\t50.466330, 14.525781\t\t<\/a>\n\t<\/p>\n<\/li>\n<li id=\"bgmp_list-item-48\" class=\"bgmp_list-item\">\n\t<h3 class=\"bgmp_list-placemark-title\">\n\t\tZ\u0159\u00edcenina Helfenburk (Hr\u00e1dek)\n\t\t\t<\/h3>\n\n\t<div class=\"bgmp_list-description\">\n\t\t\t\t<p>P\u0159\u00edmo idylicky vypad\u00e1 z\u0159\u00edcenina gotick\u00e9ho hradu Helfenburg, t\u00e9\u017e naz\u00fdvan\u00e9ho Hr\u00e1dek, v \u00fadol\u00ed nedaleko m\u011bste\u010dka \u00da\u0161t\u011bk. Z hradu, kter\u00fd kdysi b\u00fdval jedn\u00edm z nejv\u011bt\u0161\u00edch v Severn\u00edch \u010cech\u00e1ch se dochovalo masivn\u00ed opevn\u011bn\u00ed a v\u011b\u017e, kter\u00e1 je p\u0159\u00edstupn\u00e1 o v\u00edkendech. Hrad se d\u00e1le m\u016f\u017ee py\u0161nit bohatou histori\u00ed. Turistick\u00e1 cesta vede ke z\u0159\u00edcenin\u011b nap\u0159\u00edklad z \u00da\u0161t\u011bka.<\/p>\n<p><a title=\"Historie hradu Helfenburk\" href=\"http:\/\/www.hrady.cz\/wnd_show_text.php?tid=9379\" target=\"_blank\">Historie hradu na port\u00e1lu Hrady.cz<\/a><\/p>\n\t<\/div>\n\n\t<p class=\"bgmp_list-link\">\n\t\t<a href=\"http:\/\/google.com\/maps?q=Helfenburk,+\u00dastek,+\u010cesk\u00e1+republika\">\n\t\t\tHelfenburk, \u00dastek, \u010cesk\u00e1 republika\t\t<\/a>\n\t<\/p>\n<\/li>\n<\/ul>\n","protected":false},"excerpt":{"rendered":"<p class=\"continue-reading-button\"> <a class=\"continue-reading-link\" href=\"https:\/\/www.kokorinsko.com\/cs\/index.php\/zajimavosti\/hrady-a-zamky\/\">Continue reading<i class=\"crycon-right-dir\"><\/i><\/a><\/p>\n","protected":false},"author":1,"featured_media":0,"parent":19,"menu_order":0,"comment_status":"closed","ping_status":"open","template":"","meta":{"footnotes":""},"class_list":["post-23","page","type-page","status-publish","hentry"],"_links":{"self":[{"href":"https:\/\/www.kokorinsko.com\/cs\/index.php\/wp-json\/wp\/v2\/pages\/23","targetHints":{"allow":["GET"]}}],"collection":[{"href":"https:\/\/www.kokorinsko.com\/cs\/index.php\/wp-json\/wp\/v2\/pages"}],"about":[{"href":"https:\/\/www.kokorinsko.com\/cs\/index.php\/wp-json\/wp\/v2\/types\/page"}],"author":[{"embeddable":true,"href":"https:\/\/www.kokorinsko.com\/cs\/index.php\/wp-json\/wp\/v2\/users\/1"}],"replies":[{"embeddable":true,"href":"https:\/\/www.kokorinsko.com\/cs\/index.php\/wp-json\/wp\/v2\/comments?post=23"}],"version-history":[{"count":4,"href":"https:\/\/www.kokorinsko.com\/cs\/index.php\/wp-json\/wp\/v2\/pages\/23\/revisions"}],"predecessor-version":[{"id":193,"href":"https:\/\/www.kokorinsko.com\/cs\/index.php\/wp-json\/wp\/v2\/pages\/23\/revisions\/193"}],"up":[{"embeddable":true,"href":"https:\/\/www.kokorinsko.com\/cs\/index.php\/wp-json\/wp\/v2\/pages\/19"}],"wp:attachment":[{"href":"https:\/\/www.kokorinsko.com\/cs\/index.php\/wp-json\/wp\/v2\/media?parent=23"}],"curies":[{"name":"wp","href":"https:\/\/api.w.org\/{rel}","templated":true}]}}