{"id":113,"date":"2014-05-13T23:35:52","date_gmt":"2014-05-13T21:35:52","guid":{"rendered":"http:\/\/www.kokorinsko.com\/cs\/?page_id=113"},"modified":"2014-05-14T17:44:59","modified_gmt":"2014-05-14T15:44:59","slug":"muzea-a-galerie","status":"publish","type":"page","link":"https:\/\/www.kokorinsko.com\/cs\/index.php\/zajimavosti\/muzea-a-galerie\/","title":{"rendered":"Muzea a galerie"},"content":{"rendered":"<ul id=\"bgmp_list\" class=\"bgmp_list\"><li id=\"bgmp_list-item-107\" class=\"bgmp_list-item\">\n\t<h3 class=\"bgmp_list-placemark-title\">\n\t\tM\u011bstsk\u00e9 muzeum M\u0161eno\n\t\t\t<\/h3>\n\n\t<div class=\"bgmp_list-description\">\n\t\t\t\t<p>V m\u011bstsk\u00e9 Muzeu ve M\u0161en\u011b najdete expozice mapuj\u00edc\u00ed m\u0161ensk\u00e9 cechy a \u017eivot m\u011b\u0161\u0165an\u016f na konci 19.stolet\u00ed.<\/p>\n<p>Web:\u00a0<a title=\"Ofic\u00e1ln\u00ed str\u00e1nky muzea v M\u0161en\u011b\" href=\"http:\/\/www.mestomseno.cz\/index.php?cmd=page&amp;id=977\" target=\"_blank\">http:\/\/www.mestomseno.cz\/<\/a><\/p>\n\t<\/div>\n\n\t<p class=\"bgmp_list-link\">\n\t\t<a href=\"http:\/\/google.com\/maps?q=n\u00e1m.+M\u00edru+1,+M\u0161eno\">\n\t\t\tn\u00e1m. M\u00edru 1, M\u0161eno\t\t<\/a>\n\t<\/p>\n<\/li>\n<li id=\"bgmp_list-item-109\" class=\"bgmp_list-item\">\n\t<h3 class=\"bgmp_list-placemark-title\">\n\t\tMuzeum \u010cty\u0159l\u00edstek\n\t\t\t<\/h3>\n\n\t<div class=\"bgmp_list-description\">\n\t\t\t\t<p>Expozice v\u011bnovan\u00e1 t\u00e9to legend\u011b \u010desk\u00e9ho komiksu. V muzeu si m\u016f\u017eete nav\u00edc i hr\u00e1t, malovat nebo po\u0159\u00e1dat besedy.<\/p>\n<p>Web:\u00a0<a title=\"Ofici\u00e1ln\u00ed str\u00e1nky muzea \u010cty\u0159l\u00edstku\" href=\"http:\/\/muzeum.mksdoksy.cz\/\" target=\"_blank\">http:\/\/muzeum.mksdoksy.cz\/<\/a><\/p>\n\t<\/div>\n\n\t<p class=\"bgmp_list-link\">\n\t\t<a href=\"http:\/\/google.com\/maps?q=Vald\u0161tejnsk\u00e1+25,+Doksy\">\n\t\t\tVald\u0161tejnsk\u00e1 25, Doksy\t\t<\/a>\n\t<\/p>\n<\/li>\n<li id=\"bgmp_list-item-133\" class=\"bgmp_list-item\">\n\t<h3 class=\"bgmp_list-placemark-title\">\n\t\tMuzeum Eduarda \u0160torcha\n\t\t\t<\/h3>\n\n\t<div class=\"bgmp_list-description\">\n\t\t\t\t<p>Muzeum mapuj\u00edc\u00ed \u017eivot tohoto zn\u00e1m\u00e9ho liter\u00e1rn\u00edho autora a archeologick\u00e9 n\u00e1lezy v Koko\u0159\u00ednsku.<\/p>\n<p>Web:\u00a0<a title=\"Ofici\u00e1ln\u00ed str\u00e1nky muzea Eduard \u0160torch\" href=\"http:\/\/www.muzeumstorch.cz\" target=\"_blank\">http:\/\/www.muzeumstorch.cz<\/a><\/p>\n\t<\/div>\n\n\t<p class=\"bgmp_list-link\">\n\t\t<a href=\"http:\/\/google.com\/maps?q=Lobe\u010d+43,+277+36+Lobe\u010d\">\n\t\t\tLobe\u010d 43, 277 36 Lobe\u010d\t\t<\/a>\n\t<\/p>\n<\/li>\n<li id=\"bgmp_list-item-328\" class=\"bgmp_list-item\">\n\t<h3 class=\"bgmp_list-placemark-title\">\n\t\tMuzeum Star\u00e9 kr\u00e1snosti\n\t\t\t<\/h3>\n\n\t<div class=\"bgmp_list-description\">\n\t\t\t\t<p>Muzeum je zam\u011b\u0159en\u00e9 na historii hra\u010dek, panenek a ko\u010d\u00e1rk\u016f.<br \/>\nZaj\u00edmavosti: Diabetick\u00e1 kav\u00e1rna, poh\u00e1dkov\u00e1 stodola, stra\u0161ideln\u00fd sklep, d\u011btsk\u00fd koutek, z terasy lze pozorovat \u017eiv\u00e1 zv\u00ed\u0159\u00e1tka- minikon\u011b, kozu a kamerunsk\u00e9 ovce<br \/>\nNa\u0161e motto je: &#8222;Star\u00e9 kr\u00e1snosti je muzeum pro ka\u017ed\u00e9ho&#8220; <\/p>\n<p>Web: <a title=\"Muzeum Star\u00e9 kr\u00e1snosti\" href=\"http:\/\/www.starekrasnosti.cz\" target=\"_blank\" rel=\"noopener\">http:\/\/www.starekrasnosti.cz\/<\/a><\/p>\n\t<\/div>\n\n\t<p class=\"bgmp_list-link\">\n\t\t<a href=\"http:\/\/google.com\/maps?q=Star\u00e9+kr\u00e1snosti\">\n\t\t\tStar\u00e9 kr\u00e1snosti\t\t<\/a>\n\t<\/p>\n<\/li>\n<li id=\"bgmp_list-item-111\" class=\"bgmp_list-item\">\n\t<h3 class=\"bgmp_list-placemark-title\">\n\t\tRegion\u00e1ln\u00ed muzeum M\u011bln\u00edk\n\t\t\t<\/h3>\n\n\t<div class=\"bgmp_list-description\">\n\t\t\t\t<p>V m\u011blnick\u00e9m region\u00e1ln\u00edm muzeu se m\u016f\u017eete dozv\u011bd\u011bt v\u00edce o vina\u0159stv\u00ed, historii a p\u0159\u00edrod\u011b v tomto regionu. V expozici naleznete unik\u00e1ty jako faksimilii M\u011blnick\u00e9ho evangeli\u00e1\u0159e \u010di gotickou monstraci.<\/p>\n<p>Web:\u00a0<a title=\"Ofici\u00e1ln\u00ed str\u00e1nky region\u00e1ln\u00edho muzea v M\u011bln\u00edku\" href=\"http:\/\/www.muzeum-melnik.cz\" target=\"_blank\">http:\/\/www.muzeum-melnik.cz<\/a><\/p>\n\t<\/div>\n\n\t<p class=\"bgmp_list-link\">\n\t\t<a href=\"http:\/\/google.com\/maps?q=n\u00e1m.+M\u00edru+54,+M\u011bln\u00edk\">\n\t\t\tn\u00e1m. M\u00edru 54, M\u011bln\u00edk\t\t<\/a>\n\t<\/p>\n<\/li>\n<\/ul>\n","protected":false},"excerpt":{"rendered":"<p class=\"continue-reading-button\"> <a class=\"continue-reading-link\" href=\"https:\/\/www.kokorinsko.com\/cs\/index.php\/zajimavosti\/muzea-a-galerie\/\">Continue reading<i class=\"crycon-right-dir\"><\/i><\/a><\/p>\n","protected":false},"author":1,"featured_media":0,"parent":19,"menu_order":0,"comment_status":"closed","ping_status":"open","template":"","meta":{"footnotes":""},"class_list":["post-113","page","type-page","status-publish","hentry"],"_links":{"self":[{"href":"https:\/\/www.kokorinsko.com\/cs\/index.php\/wp-json\/wp\/v2\/pages\/113","targetHints":{"allow":["GET"]}}],"collection":[{"href":"https:\/\/www.kokorinsko.com\/cs\/index.php\/wp-json\/wp\/v2\/pages"}],"about":[{"href":"https:\/\/www.kokorinsko.com\/cs\/index.php\/wp-json\/wp\/v2\/types\/page"}],"author":[{"embeddable":true,"href":"https:\/\/www.kokorinsko.com\/cs\/index.php\/wp-json\/wp\/v2\/users\/1"}],"replies":[{"embeddable":true,"href":"https:\/\/www.kokorinsko.com\/cs\/index.php\/wp-json\/wp\/v2\/comments?post=113"}],"version-history":[{"count":3,"href":"https:\/\/www.kokorinsko.com\/cs\/index.php\/wp-json\/wp\/v2\/pages\/113\/revisions"}],"predecessor-version":[{"id":194,"href":"https:\/\/www.kokorinsko.com\/cs\/index.php\/wp-json\/wp\/v2\/pages\/113\/revisions\/194"}],"up":[{"embeddable":true,"href":"https:\/\/www.kokorinsko.com\/cs\/index.php\/wp-json\/wp\/v2\/pages\/19"}],"wp:attachment":[{"href":"https:\/\/www.kokorinsko.com\/cs\/index.php\/wp-json\/wp\/v2\/media?parent=113"}],"curies":[{"name":"wp","href":"https:\/\/api.w.org\/{rel}","templated":true}]}}