{"id":100,"date":"2014-05-13T17:40:17","date_gmt":"2014-05-13T15:40:17","guid":{"rendered":"http:\/\/www.kokorinsko.com\/cs\/?page_id=100"},"modified":"2025-06-13T10:29:55","modified_gmt":"2025-06-13T08:29:55","slug":"o-nas","status":"publish","type":"page","link":"https:\/\/www.kokorinsko.com\/cs\/index.php\/o-nas\/","title":{"rendered":"O n\u00e1s"},"content":{"rendered":"<p>T\u011bs\u00ed n\u00e1s V\u00e1\u0161 z\u00e1jem o projekt Koko\u0159\u00ednsko.com. Tento projekt si klade za c\u00edl zlep\u0161it informovanost ve\u0159ejnosti o mo\u017enostech turistiky v regionu Koko\u0159\u00ednsko a podpo\u0159it jeho rozvoj.<\/p>\n<p><strong>Provozovatel:<\/strong><\/p>\n<p>Ing. Jakub Kahoun<\/p>\n<p><a title=\"Kontaktn\u00ed formul\u00e1\u0159\" href=\"https:\/\/www.kokorinsko.com\/cs\/index.php\/o-nas\/kontaktni-formular\/\">Kontaktn\u00ed formul\u00e1\u0159<\/a><\/p>\n<h5>Copyright<\/h5>\n<p>Obsah t\u011bchto webov\u00fdch str\u00e1nek je chr\u00e1n\u011bn z\u00e1konem o autorsk\u00e9m pr\u00e1vu. Jak\u00e9koliv pou\u017eit\u00ed text\u016f, fotografi\u00ed, videi\u00ed a jin\u00fdch komponent t\u011bchto webov\u00fdch str\u00e1nek pro jin\u00e9 ne\u017e soukrom\u00e9 \u00fa\u010dely je bez p\u00edsemn\u00e9ho souhlasu provozovatele zak\u00e1z\u00e1no.<\/p>\n<h5>Omezen\u00ed odpov\u011bdnosti<\/h5>\n<p>P\u0159es ve\u0161kerou p\u00e9\u010di a \u00fasil\u00ed, kter\u00e9 jsme vynalo\u017eili p\u0159i tvorb\u011b t\u011bchto str\u00e1nek, nem\u016f\u017eeme garantovat spr\u00e1vnost informac\u00ed uveden\u00fdch na t\u011bchto str\u00e1nk\u00e1ch. V \u017e\u00e1dn\u00e9m p\u0159\u00edpad\u011b provozovatel neodpov\u00edd\u00e1 za \u0161kodu vzniklou pou\u017e\u00edv\u00e1n\u00edm \u010di v souvislosti s pou\u017e\u00edv\u00e1n\u00edm t\u011bchto str\u00e1nek. Obsah a funkcionalitu odkazovan\u00fdch webov\u00fdch str\u00e1nek jin\u00fdch provozovatel\u016f nem\u00e1me mo\u017enost ovlivnit.<\/p>\n","protected":false},"excerpt":{"rendered":"<p>T\u011bs\u00ed n\u00e1s V\u00e1\u0161 z\u00e1jem o projekt Koko\u0159\u00ednsko.com. Tento projekt si klade za c\u00edl zlep\u0161it informovanost ve\u0159ejnosti o mo\u017enostech turistiky v regionu Koko\u0159\u00ednsko a podpo\u0159it jeho rozvoj. Provozovatel: Ing. Jakub Kahoun Kontaktn\u00ed formul\u00e1\u0159 Copyright Obsah t\u011bchto webov\u00fdch str\u00e1nek je chr\u00e1n\u011bn z\u00e1konem o autorsk\u00e9m pr\u00e1vu. Jak\u00e9koliv pou\u017eit\u00ed text\u016f, fotografi\u00ed, videi\u00ed a jin\u00fdch\u2026<\/p>\n<p class=\"continue-reading-button\"> <a class=\"continue-reading-link\" href=\"https:\/\/www.kokorinsko.com\/cs\/index.php\/o-nas\/\">Continue reading<i class=\"crycon-right-dir\"><\/i><\/a><\/p>\n","protected":false},"author":1,"featured_media":0,"parent":0,"menu_order":0,"comment_status":"closed","ping_status":"open","template":"","meta":{"footnotes":""},"class_list":["post-100","page","type-page","status-publish","hentry"],"_links":{"self":[{"href":"https:\/\/www.kokorinsko.com\/cs\/index.php\/wp-json\/wp\/v2\/pages\/100","targetHints":{"allow":["GET"]}}],"collection":[{"href":"https:\/\/www.kokorinsko.com\/cs\/index.php\/wp-json\/wp\/v2\/pages"}],"about":[{"href":"https:\/\/www.kokorinsko.com\/cs\/index.php\/wp-json\/wp\/v2\/types\/page"}],"author":[{"embeddable":true,"href":"https:\/\/www.kokorinsko.com\/cs\/index.php\/wp-json\/wp\/v2\/users\/1"}],"replies":[{"embeddable":true,"href":"https:\/\/www.kokorinsko.com\/cs\/index.php\/wp-json\/wp\/v2\/comments?post=100"}],"version-history":[{"count":13,"href":"https:\/\/www.kokorinsko.com\/cs\/index.php\/wp-json\/wp\/v2\/pages\/100\/revisions"}],"predecessor-version":[{"id":337,"href":"https:\/\/www.kokorinsko.com\/cs\/index.php\/wp-json\/wp\/v2\/pages\/100\/revisions\/337"}],"wp:attachment":[{"href":"https:\/\/www.kokorinsko.com\/cs\/index.php\/wp-json\/wp\/v2\/media?parent=100"}],"curies":[{"name":"wp","href":"https:\/\/api.w.org\/{rel}","templated":true}]}}